{"id":5528,"date":"2026-03-19T06:13:58","date_gmt":"2026-03-19T06:13:58","guid":{"rendered":"http:\/\/www.qos.com.tr\/?page_id=5528"},"modified":"2026-03-19T06:23:39","modified_gmt":"2026-03-19T06:23:39","slug":"bolgem-mobilite","status":"publish","type":"page","link":"https:\/\/www.qos.com.tr\/en\/bolgem-mobilite\/","title":{"rendered":"B\u00f6lgem Mobility"},"content":{"rendered":"<div data-elementor-type=\"wp-page\" data-elementor-id=\"5528\" class=\"elementor elementor-5528\">\n\t\t\t\t<div class=\"elementor-element elementor-element-9361bb2 e-flex e-con-boxed e-con e-parent\" data-id=\"9361bb2\" data-element_type=\"container\" data-e-type=\"container\">\n\t\t\t\t\t<div class=\"e-con-inner\">\n\t\t<div class=\"elementor-element elementor-element-4cbcdce e-con-full e-flex e-con e-child\" data-id=\"4cbcdce\" data-element_type=\"container\" data-e-type=\"container\">\n\t\t\t\t<div class=\"elementor-element elementor-element-6204fe6 about__content-five elementor-widget elementor-widget-tg-heading\" data-id=\"6204fe6\" data-element_type=\"widget\" data-e-type=\"widget\" data-widget_type=\"tg-heading.default\">\n\t\t\t\t<div class=\"elementor-widget-container\">\n\t\t\t\t\t\r\n        <div class=\"section-title tg-heading-subheading animation-none3\">\r\n                        <h2 class=\"title tg-element-title\">B\u00f6lgem Mobility\n\n\n<\/h2>        <\/div>\r\n\r\n\t\t\t\t<\/div>\n\t\t\t\t<\/div>\n\t\t\t\t<div class=\"elementor-element elementor-element-fec13d3 elementor-widget elementor-widget-text-editor\" data-id=\"fec13d3\" data-element_type=\"widget\" data-e-type=\"widget\" data-widget_type=\"text-editor.default\">\n\t\t\t\t<div class=\"elementor-widget-container\">\n\t\t\t\t\t\t\t\t\t<p>B\u00f6lgem, as a licensed charging network operator, establishes urban and intercity charging stations for electric vehicles and delivers turnkey projects. By offering individual, shared, or public solutions based on usage needs, it creates a flexible and user-friendly charging infrastructure that can be easily integrated into different locations.<\/p><p>\u00a0<\/p><p>With its experienced engineering team, B\u00f6lgem supports projects from start to finish in design, R&amp;D, and consultancy processes, developing tailored solutions for every requirement. With a reliable and practical approach, it aims to meet not only today\u2019s needs but also the evolving demands of the electric vehicle ecosystem.<\/p>\t\t\t\t\t\t\t\t<\/div>\n\t\t\t\t<\/div>\n\t\t\t\t<\/div>\n\t\t<div class=\"elementor-element elementor-element-7fd1c94 e-con-full e-flex e-con e-child\" data-id=\"7fd1c94\" data-element_type=\"container\" data-e-type=\"container\">\n\t\t\t\t<div class=\"elementor-element elementor-element-7ae3135 elementor-widget elementor-widget-image\" data-id=\"7ae3135\" data-element_type=\"widget\" data-e-type=\"widget\" data-widget_type=\"image.default\">\n\t\t\t\t<div class=\"elementor-widget-container\">\n\t\t\t\t\t\t\t\t\t\t\t\t\t\t\t\t<a href=\"https:\/\/www.bolgem.com.tr\/\" target=\"_blank\" rel=\"noopener\">\n\t\t\t\t\t\t\t<img fetchpriority=\"high\" decoding=\"async\" width=\"1087\" height=\"999\" src=\"https:\/\/www.qos.com.tr\/wp-content\/uploads\/2026\/03\/bolgem.webp\" class=\"attachment-full size-full wp-image-5497\" alt=\"\" srcset=\"https:\/\/www.qos.com.tr\/wp-content\/uploads\/2026\/03\/bolgem.webp 1087w, https:\/\/www.qos.com.tr\/wp-content\/uploads\/2026\/03\/bolgem-300x276.webp 300w, https:\/\/www.qos.com.tr\/wp-content\/uploads\/2026\/03\/bolgem-1024x941.webp 1024w, https:\/\/www.qos.com.tr\/wp-content\/uploads\/2026\/03\/bolgem-768x706.webp 768w, https:\/\/www.qos.com.tr\/wp-content\/uploads\/2026\/03\/bolgem-13x12.webp 13w\" sizes=\"(max-width: 1087px) 100vw, 1087px\" \/>\t\t\t\t\t\t\t\t<\/a>\n\t\t\t\t\t\t\t\t\t\t\t\t\t\t\t<\/div>\n\t\t\t\t<\/div>\n\t\t\t\t<\/div>\n\t\t\t\t\t<\/div>\n\t\t\t\t<\/div>\n\t\t\t\t<\/div>","protected":false},"excerpt":{"rendered":"<p>B\u00f6lgem Mobilite B\u00f6lgem, lisansl\u0131 \u015farj a\u011f\u0131 i\u015fletmecisi olarak elektrikli ara\u00e7lar i\u00e7in \u015fehir i\u00e7i ve \u015fehirler aras\u0131 \u015farj istasyonlar\u0131 kurar, anahtar teslim projeler hayata ge\u00e7irir. Kullan\u0131m ihtiyac\u0131na g\u00f6re bireysel, payla\u015f\u0131ml\u0131 veya halka a\u00e7\u0131k \u00e7\u00f6z\u00fcmler sunarak; farkl\u0131 lokasyonlara kolayca entegre edilebilen, esnek ve kullan\u0131c\u0131 dostu bir \u015farj altyap\u0131s\u0131 olu\u015fturur. \u00a0 Deneyimli m\u00fchendis kadrosuyla tasar\u0131m, Ar-Ge ve dan\u0131\u015fmanl\u0131k [&hellip;]<\/p>\n","protected":false},"author":1,"featured_media":0,"parent":0,"menu_order":0,"comment_status":"closed","ping_status":"closed","template":"elementor_header_footer","meta":{"_acf_changed":false,"footnotes":""},"class_list":["post-5528","page","type-page","status-publish","hentry"],"acf":[],"_links":{"self":[{"href":"https:\/\/www.qos.com.tr\/en\/wp-json\/wp\/v2\/pages\/5528","targetHints":{"allow":["GET"]}}],"collection":[{"href":"https:\/\/www.qos.com.tr\/en\/wp-json\/wp\/v2\/pages"}],"about":[{"href":"https:\/\/www.qos.com.tr\/en\/wp-json\/wp\/v2\/types\/page"}],"author":[{"embeddable":true,"href":"https:\/\/www.qos.com.tr\/en\/wp-json\/wp\/v2\/users\/1"}],"replies":[{"embeddable":true,"href":"https:\/\/www.qos.com.tr\/en\/wp-json\/wp\/v2\/comments?post=5528"}],"version-history":[{"count":0,"href":"https:\/\/www.qos.com.tr\/en\/wp-json\/wp\/v2\/pages\/5528\/revisions"}],"wp:attachment":[{"href":"https:\/\/www.qos.com.tr\/en\/wp-json\/wp\/v2\/media?parent=5528"}],"curies":[{"name":"wp","href":"https:\/\/api.w.org\/{rel}","templated":true}]}}