{"id":5518,"date":"2026-03-19T06:12:13","date_gmt":"2026-03-19T06:12:13","guid":{"rendered":"http:\/\/www.qos.com.tr\/?page_id=5518"},"modified":"2026-03-19T06:24:14","modified_gmt":"2026-03-19T06:24:14","slug":"polycert","status":"publish","type":"page","link":"https:\/\/www.qos.com.tr\/en\/polycert\/","title":{"rendered":"PolyCert"},"content":{"rendered":"<div data-elementor-type=\"wp-page\" data-elementor-id=\"5518\" class=\"elementor elementor-5518\">\n\t\t\t\t<div class=\"elementor-element elementor-element-9361bb2 e-flex e-con-boxed e-con e-parent\" data-id=\"9361bb2\" data-element_type=\"container\" data-e-type=\"container\">\n\t\t\t\t\t<div class=\"e-con-inner\">\n\t\t<div class=\"elementor-element elementor-element-4cbcdce e-con-full e-flex e-con e-child\" data-id=\"4cbcdce\" data-element_type=\"container\" data-e-type=\"container\">\n\t\t\t\t<div class=\"elementor-element elementor-element-6204fe6 about__content-five elementor-widget elementor-widget-tg-heading\" data-id=\"6204fe6\" data-element_type=\"widget\" data-e-type=\"widget\" data-widget_type=\"tg-heading.default\">\n\t\t\t\t<div class=\"elementor-widget-container\">\n\t\t\t\t\t\r\n        <div class=\"section-title tg-heading-subheading animation-none3\">\r\n                        <h2 class=\"title tg-element-title\">PolyCert\n\n\n\n<\/h2>        <\/div>\r\n\r\n\t\t\t\t<\/div>\n\t\t\t\t<\/div>\n\t\t\t\t<div class=\"elementor-element elementor-element-fec13d3 elementor-widget elementor-widget-text-editor\" data-id=\"fec13d3\" data-element_type=\"widget\" data-e-type=\"widget\" data-widget_type=\"text-editor.default\">\n\t\t\t\t<div class=\"elementor-widget-container\">\n\t\t\t\t\t\t\t\t\t<p>POLY CERT is a certification body authorized by the Vocational Qualifications Authority (VQA) and conducts examination and certification activities within the scope of national qualifications.<\/p><p>Accredited by the Turkish Accreditation Agency (T\u00dcRKAK) in accordance with the TS EN ISO\/IEC 17024 standard, the organization has been authorized by the VQA following evaluation and audit processes. Accordingly, it performs measurement, assessment, and certification of vocational qualifications in a reliable and standards-compliant manner.<\/p><p>POLY CERT was accredited by T\u00dcRKAK on July 28, 2017, with accreditation number AB-0134-P, and officially commenced its operations after being authorized by the VQA on November 22, 2017, under authorization code YB-0105.<\/p>\t\t\t\t\t\t\t\t<\/div>\n\t\t\t\t<\/div>\n\t\t\t\t<\/div>\n\t\t<div class=\"elementor-element elementor-element-7fd1c94 e-con-full e-flex e-con e-child\" data-id=\"7fd1c94\" data-element_type=\"container\" data-e-type=\"container\">\n\t\t\t\t<div class=\"elementor-element elementor-element-7ae3135 elementor-widget elementor-widget-image\" data-id=\"7ae3135\" data-element_type=\"widget\" data-e-type=\"widget\" data-widget_type=\"image.default\">\n\t\t\t\t<div class=\"elementor-widget-container\">\n\t\t\t\t\t\t\t\t\t\t\t\t\t\t\t\t<a href=\"https:\/\/www.polybelge.com\/\" target=\"_blank\" rel=\"noopener\">\n\t\t\t\t\t\t\t<img fetchpriority=\"high\" decoding=\"async\" width=\"1087\" height=\"999\" src=\"https:\/\/www.qos.com.tr\/wp-content\/uploads\/2026\/03\/poly1.webp\" class=\"attachment-full size-full wp-image-5498\" alt=\"\" srcset=\"https:\/\/www.qos.com.tr\/wp-content\/uploads\/2026\/03\/poly1.webp 1087w, https:\/\/www.qos.com.tr\/wp-content\/uploads\/2026\/03\/poly1-300x276.webp 300w, https:\/\/www.qos.com.tr\/wp-content\/uploads\/2026\/03\/poly1-1024x941.webp 1024w, https:\/\/www.qos.com.tr\/wp-content\/uploads\/2026\/03\/poly1-768x706.webp 768w, https:\/\/www.qos.com.tr\/wp-content\/uploads\/2026\/03\/poly1-13x12.webp 13w\" sizes=\"(max-width: 1087px) 100vw, 1087px\" \/>\t\t\t\t\t\t\t\t<\/a>\n\t\t\t\t\t\t\t\t\t\t\t\t\t\t\t<\/div>\n\t\t\t\t<\/div>\n\t\t\t\t<\/div>\n\t\t\t\t\t<\/div>\n\t\t\t\t<\/div>\n\t\t\t\t<\/div>","protected":false},"excerpt":{"rendered":"<p>PolyCert POLY CERT, Mesleki Yeterlilik Kurumu (MYK) taraf\u0131ndan yetkilendirilmi\u015f bir belgelendirme kurulu\u015fudur ve ulusal yeterlilikler kapsam\u0131nda s\u0131nav ve belgelendirme faaliyetleri y\u00fcr\u00fctmektedir. T\u00fcrk Akreditasyon Kurumu (T\u00dcRKAK) taraf\u0131ndan TS EN ISO\/IEC 17024 standard\u0131na g\u00f6re akredite edilen kurulu\u015f, MYK taraf\u0131ndan yap\u0131lan de\u011ferlendirme ve denetimler sonucunda yetkilendirilmi\u015ftir. Bu sayede, mesleki yeterliliklerin \u00f6l\u00e7me, de\u011ferlendirme ve belgelendirme s\u00fcre\u00e7lerini g\u00fcvenilir ve standartlara [&hellip;]<\/p>\n","protected":false},"author":1,"featured_media":0,"parent":0,"menu_order":0,"comment_status":"closed","ping_status":"closed","template":"elementor_header_footer","meta":{"_acf_changed":false,"footnotes":""},"class_list":["post-5518","page","type-page","status-publish","hentry"],"acf":[],"_links":{"self":[{"href":"https:\/\/www.qos.com.tr\/en\/wp-json\/wp\/v2\/pages\/5518","targetHints":{"allow":["GET"]}}],"collection":[{"href":"https:\/\/www.qos.com.tr\/en\/wp-json\/wp\/v2\/pages"}],"about":[{"href":"https:\/\/www.qos.com.tr\/en\/wp-json\/wp\/v2\/types\/page"}],"author":[{"embeddable":true,"href":"https:\/\/www.qos.com.tr\/en\/wp-json\/wp\/v2\/users\/1"}],"replies":[{"embeddable":true,"href":"https:\/\/www.qos.com.tr\/en\/wp-json\/wp\/v2\/comments?post=5518"}],"version-history":[{"count":0,"href":"https:\/\/www.qos.com.tr\/en\/wp-json\/wp\/v2\/pages\/5518\/revisions"}],"wp:attachment":[{"href":"https:\/\/www.qos.com.tr\/en\/wp-json\/wp\/v2\/media?parent=5518"}],"curies":[{"name":"wp","href":"https:\/\/api.w.org\/{rel}","templated":true}]}}