{"id":5212,"date":"2026-03-17T10:41:29","date_gmt":"2026-03-17T10:41:29","guid":{"rendered":"http:\/\/www.qos.com.tr\/?page_id=5212"},"modified":"2026-03-17T10:50:38","modified_gmt":"2026-03-17T10:50:38","slug":"kvkk-kisisel-verilerin-korunmasi-politikasi","status":"publish","type":"page","link":"https:\/\/www.qos.com.tr\/en\/kvkk-kisisel-verilerin-korunmasi-politikasi\/","title":{"rendered":"KVKK \u2013 Ki\u015fisel Verilerin Korunmas\u0131 Politikas\u0131"},"content":{"rendered":"<div data-elementor-type=\"wp-page\" data-elementor-id=\"5212\" class=\"elementor elementor-5212\">\n\t\t\t\t<div class=\"elementor-element elementor-element-62bb00e e-flex e-con-boxed e-con e-parent\" data-id=\"62bb00e\" data-element_type=\"container\" data-e-type=\"container\">\n\t\t\t\t\t<div class=\"e-con-inner\">\n\t\t\t\t<div class=\"elementor-element elementor-element-c8ca44e elementor-widget elementor-widget-text-editor\" data-id=\"c8ca44e\" data-element_type=\"widget\" data-e-type=\"widget\" data-widget_type=\"text-editor.default\">\n\t\t\t\t<div class=\"elementor-widget-container\">\n\t\t\t\t\t\t\t\t\t<p data-start=\"303\" data-end=\"311\"><strong data-start=\"303\" data-end=\"311\"><span class=\"BZ_Pyq_fadeIn\">Ama\u00e7<\/span><\/strong><\/p><p data-start=\"313\" data-end=\"605\"><span class=\"BZ_Pyq_fadeIn\">Bu <\/span><span class=\"BZ_Pyq_fadeIn\">politika, <\/span><a class=\"decorated-link\" href=\"https:\/\/www.qos.com.tr\/en\/\" target=\"_new\" rel=\"noopener\" data-start=\"326\" data-end=\"345\"><span class=\"BZ_Pyq_fadeIn\">https:\/\/<\/span><span class=\"BZ_Pyq_fadeIn\">qos.<\/span><span class=\"BZ_Pyq_fadeIn\">com.<\/span><span class=\"BZ_Pyq_fadeIn\">tr\/<\/span><\/a><span class=\"BZ_Pyq_fadeIn\"> (\u201c<\/span><span class=\"BZ_Pyq_fadeIn\">Site\u201d) <\/span><span class=\"BZ_Pyq_fadeIn\">\u00fczerinden <\/span><span class=\"BZ_Pyq_fadeIn\">toplanan <\/span><span class=\"BZ_Pyq_fadeIn\">ki\u015fisel <\/span><span class=\"BZ_Pyq_fadeIn\">verilerin <\/span><span class=\"BZ_Pyq_fadeIn\">toplanma <\/span><span class=\"BZ_Pyq_fadeIn\">ama\u00e7lar\u0131n\u0131, <\/span><span class=\"BZ_Pyq_fadeIn\">i\u015flenme <\/span><span class=\"BZ_Pyq_fadeIn\">\u015fartlar\u0131n\u0131 <\/span><span class=\"BZ_Pyq_fadeIn\">ve <\/span><span class=\"BZ_Pyq_fadeIn\">veri <\/span><span class=\"BZ_Pyq_fadeIn\">sahiplerinin <\/span><span class=\"BZ_Pyq_fadeIn\">haklar\u0131n\u0131 <\/span><span class=\"BZ_Pyq_fadeIn\">a\u00e7\u0131klamaktad\u0131r. <\/span><span class=\"BZ_Pyq_fadeIn\">KVKK (\u201c<\/span><span class=\"BZ_Pyq_fadeIn\">6698 <\/span><span class=\"BZ_Pyq_fadeIn\">say\u0131l\u0131 <\/span><span class=\"BZ_Pyq_fadeIn\">Ki\u015fisel <\/span><span class=\"BZ_Pyq_fadeIn\">Verilerin <\/span><span class=\"BZ_Pyq_fadeIn\">Korunmas\u0131 <\/span><span class=\"BZ_Pyq_fadeIn\">Kanunu\u201d) <\/span><span class=\"BZ_Pyq_fadeIn\">kapsam\u0131nda <\/span><span class=\"BZ_Pyq_fadeIn\">kullan\u0131c\u0131lar\u0131n <\/span><span class=\"BZ_Pyq_fadeIn\">ki\u015fisel <\/span><span class=\"BZ_Pyq_fadeIn\">verilerinin <\/span><span class=\"BZ_Pyq_fadeIn\">korunmas\u0131 <\/span><span class=\"BZ_Pyq_fadeIn\">temel <\/span><span class=\"BZ_Pyq_fadeIn\">ilkedir.<\/span><\/p><hr data-start=\"607\" data-end=\"610\" \/><h3 data-section-id=\"1c7ataw\" data-start=\"612\" data-end=\"637\"><strong data-start=\"616\" data-end=\"637\"><span class=\"BZ_Pyq_fadeIn\">1. <\/span><span class=\"BZ_Pyq_fadeIn\">Veri <\/span><span class=\"BZ_Pyq_fadeIn\">Sorumlusu<\/span><\/strong><\/h3><p data-start=\"639\" data-end=\"750\"><strong data-start=\"639\" data-end=\"664\"><span class=\"BZ_Pyq_fadeIn\">Responsibilities of the <\/span><span class=\"BZ_Pyq_fadeIn\">Dijital <\/span><span class=\"BZ_Pyq_fadeIn\">Our Expertise<\/span><\/strong><br \/><span class=\"BZ_Pyq_fadeIn\">Adres: Kocaeli<\/span><br \/><span class=\"BZ_Pyq_fadeIn\">E\u2011<\/span><span class=\"BZ_Pyq_fadeIn\">posta: <\/span><em data-start=\"699\" data-end=\"719\"><span class=\"BZ_Pyq_fadeIn\"><span class=\"elementor-icon-list-text\">info@qos.com.tr<\/span><\/span><\/em><br \/><span class=\"BZ_Pyq_fadeIn\">Telefon: <span class=\"elementor-icon-list-text\">0 (262) 206 0767<\/span><\/span><\/p><p><span class=\"BZ_Pyq_fadeIn\">Veri <\/span><span class=\"BZ_Pyq_fadeIn\">Sorumlusu; <\/span><span class=\"BZ_Pyq_fadeIn\">i\u015fbu <\/span><span class=\"BZ_Pyq_fadeIn\">politika <\/span><span class=\"BZ_Pyq_fadeIn\">metninde <\/span><span class=\"BZ_Pyq_fadeIn\">belirtilen <\/span><span class=\"BZ_Pyq_fadeIn\">kapsamda <\/span><span class=\"BZ_Pyq_fadeIn\">ki\u015fisel <\/span><span class=\"BZ_Pyq_fadeIn\">verilerin <\/span><span class=\"BZ_Pyq_fadeIn\">i\u015flenmesinden <\/span><span class=\"BZ_Pyq_fadeIn\">sorumludur.<\/span><\/p><hr data-start=\"856\" data-end=\"859\" \/><h3 data-section-id=\"1wtcgbo\" data-start=\"861\" data-end=\"895\"><strong data-start=\"865\" data-end=\"895\"><span class=\"BZ_Pyq_fadeIn\">2. <\/span><span class=\"BZ_Pyq_fadeIn\">\u0130\u015flenen <\/span><span class=\"BZ_Pyq_fadeIn\">Ki\u015fisel <\/span><span class=\"BZ_Pyq_fadeIn\">Veriler<\/span><\/strong><\/h3><p data-start=\"897\" data-end=\"976\"><span class=\"BZ_Pyq_fadeIn\">A\u015fa\u011f\u0131daki <\/span><span class=\"BZ_Pyq_fadeIn\">ki\u015fisel <\/span><span class=\"BZ_Pyq_fadeIn\">veriler, <\/span><span class=\"BZ_Pyq_fadeIn\">a\u00e7\u0131k <\/span><span class=\"BZ_Pyq_fadeIn\">r\u0131za <\/span><span class=\"BZ_Pyq_fadeIn\">ve <\/span><span class=\"BZ_Pyq_fadeIn\">hukuki <\/span><span class=\"BZ_Pyq_fadeIn\">sebeplere <\/span><span class=\"BZ_Pyq_fadeIn\">dayanarak <\/span><span class=\"BZ_Pyq_fadeIn\">i\u015flenebilir:<\/span><\/p><p data-start=\"978\" data-end=\"1063\"><strong data-start=\"978\" data-end=\"1010\"><span class=\"BZ_Pyq_fadeIn\">Kimlik &amp; <\/span><span class=\"BZ_Pyq_fadeIn\">ileti\u015fim <\/span><span class=\"BZ_Pyq_fadeIn\">bilgileri:<\/span><\/strong><br data-start=\"1010\" data-end=\"1013\" \/><span class=\"BZ_Pyq_fadeIn\">\u2022 <\/span><span class=\"BZ_Pyq_fadeIn\">Ad <\/span><span class=\"BZ_Pyq_fadeIn\">Soyad<\/span><br data-start=\"1023\" data-end=\"1026\" \/><span class=\"BZ_Pyq_fadeIn\">\u2022 <\/span><span class=\"BZ_Pyq_fadeIn\">E\u2011<\/span><span class=\"BZ_Pyq_fadeIn\">posta <\/span><span class=\"BZ_Pyq_fadeIn\">adresi<\/span><br data-start=\"1042\" data-end=\"1045\" \/><span class=\"BZ_Pyq_fadeIn\">\u2022 <\/span><span class=\"BZ_Pyq_fadeIn\">Phone <\/span><span class=\"BZ_Pyq_fadeIn\">numaras\u0131<\/span><\/p><p data-start=\"1065\" data-end=\"1152\"><strong data-start=\"1065\" data-end=\"1092\"><span class=\"BZ_Pyq_fadeIn\">Site <\/span><span class=\"BZ_Pyq_fadeIn\">kullan\u0131m <\/span><span class=\"BZ_Pyq_fadeIn\">verileri:<\/span><\/strong><br data-start=\"1092\" data-end=\"1095\" \/><span class=\"BZ_Pyq_fadeIn\">\u2022 <\/span><span class=\"BZ_Pyq_fadeIn\">IP <\/span><span class=\"BZ_Pyq_fadeIn\">adresi<\/span><br data-start=\"1106\" data-end=\"1109\" \/><span class=\"BZ_Pyq_fadeIn\">\u2022 <\/span><span class=\"BZ_Pyq_fadeIn\">\u00c7erezler<\/span><br data-start=\"1119\" data-end=\"1122\" \/><span class=\"BZ_Pyq_fadeIn\">\u2022 <\/span><span class=\"BZ_Pyq_fadeIn\">Taray\u0131c\u0131 <\/span><span class=\"BZ_Pyq_fadeIn\">t\u00fcr\u00fc, <\/span><span class=\"BZ_Pyq_fadeIn\">cihaz <\/span><span class=\"BZ_Pyq_fadeIn\">bilgisi<\/span><\/p><p data-start=\"1154\" data-end=\"1256\"><strong data-start=\"1154\" data-end=\"1179\"><span class=\"BZ_Pyq_fadeIn\">Hizmet\/<\/span><span class=\"BZ_Pyq_fadeIn\">\u00dcr\u00fcn <\/span><span class=\"BZ_Pyq_fadeIn\">verileri:<\/span><\/strong><br data-start=\"1179\" data-end=\"1182\" \/><span class=\"BZ_Pyq_fadeIn\">\u2022 <\/span><span class=\"BZ_Pyq_fadeIn\">Sipari\u015f <\/span><span class=\"BZ_Pyq_fadeIn\">bilgileri<\/span><br data-start=\"1201\" data-end=\"1204\" \/><span class=\"BZ_Pyq_fadeIn\">\u2022 <\/span><span class=\"BZ_Pyq_fadeIn\">\u00d6deme <\/span><span class=\"BZ_Pyq_fadeIn\">bilgileri (<\/span><span class=\"BZ_Pyq_fadeIn\">\u00f6deme <\/span><span class=\"BZ_Pyq_fadeIn\">sa\u011flay\u0131c\u0131lar\u0131 <\/span><span class=\"BZ_Pyq_fadeIn\">arac\u0131l\u0131\u011f\u0131yla)<\/span><\/p><hr data-start=\"1258\" data-end=\"1261\" \/><h3 data-section-id=\"1elj285\" data-start=\"1263\" data-end=\"1308\"><strong data-start=\"1267\" data-end=\"1308\"><span class=\"BZ_Pyq_fadeIn\">3. <\/span><span class=\"BZ_Pyq_fadeIn\">Ki\u015fisel <\/span><span class=\"BZ_Pyq_fadeIn\">Verilerin <\/span><span class=\"BZ_Pyq_fadeIn\">\u0130\u015flenme <\/span><span class=\"BZ_Pyq_fadeIn\">Ama\u00e7lar\u0131<\/span><\/strong><\/h3><p data-start=\"1310\" data-end=\"1521\"><span class=\"BZ_Pyq_fadeIn\">Verileriniz;<\/span><br data-start=\"1322\" data-end=\"1325\" \/><span class=\"BZ_Pyq_fadeIn\">\u2022 <\/span><span class=\"BZ_Pyq_fadeIn\">Services <\/span><span class=\"BZ_Pyq_fadeIn\">sa\u011flamak\/<\/span><span class=\"BZ_Pyq_fadeIn\">vermek,<\/span><br data-start=\"1354\" data-end=\"1357\" \/><span class=\"BZ_Pyq_fadeIn\">\u2022 <\/span><span class=\"BZ_Pyq_fadeIn\">Sipari\u015f <\/span><span class=\"BZ_Pyq_fadeIn\">s\u00fcre\u00e7lerini <\/span><span class=\"BZ_Pyq_fadeIn\">y\u00fcr\u00fctmek,<\/span><br data-start=\"1388\" data-end=\"1391\" \/><span class=\"BZ_Pyq_fadeIn\">\u2022 <\/span><span class=\"BZ_Pyq_fadeIn\">M\u00fc\u015fteri <\/span><span class=\"BZ_Pyq_fadeIn\">deste\u011fi <\/span><span class=\"BZ_Pyq_fadeIn\">sa\u011flamak,<\/span><br data-start=\"1418\" data-end=\"1421\" \/><span class=\"BZ_Pyq_fadeIn\">\u2022 <\/span><span class=\"BZ_Pyq_fadeIn\">Yasal <\/span><span class=\"BZ_Pyq_fadeIn\">y\u00fck\u00fcml\u00fcl\u00fcklere <\/span><span class=\"BZ_Pyq_fadeIn\">uyum,<\/span><br data-start=\"1449\" data-end=\"1452\" \/><span class=\"BZ_Pyq_fadeIn\">\u2022 <\/span><span class=\"BZ_Pyq_fadeIn\">Pazarlama, <\/span><span class=\"BZ_Pyq_fadeIn\">kampanya <\/span><span class=\"BZ_Pyq_fadeIn\">ve <\/span><span class=\"BZ_Pyq_fadeIn\">bilgilendirme <\/span><span class=\"BZ_Pyq_fadeIn\">ileti\u015fimi <\/span><span class=\"BZ_Pyq_fadeIn\">i\u00e7in <\/span><span class=\"BZ_Pyq_fadeIn\">kullan\u0131labilir.<\/span><\/p><hr data-start=\"1523\" data-end=\"1526\" \/><h3 data-section-id=\"q86m8o\" data-start=\"1528\" data-end=\"1568\"><strong data-start=\"1532\" data-end=\"1568\"><span class=\"BZ_Pyq_fadeIn\">4. <\/span><span class=\"BZ_Pyq_fadeIn\">Ki\u015fisel <\/span><span class=\"BZ_Pyq_fadeIn\">Verilerin <\/span><span class=\"BZ_Pyq_fadeIn\">Aktar\u0131lmas\u0131<\/span><\/strong><\/h3><p data-start=\"1570\" data-end=\"1748\"><span class=\"BZ_Pyq_fadeIn\">Ki\u015fisel <\/span><span class=\"BZ_Pyq_fadeIn\">verileriniz;<\/span><br data-start=\"1590\" data-end=\"1593\" \/><span class=\"BZ_Pyq_fadeIn\">\u2022 <\/span><span class=\"BZ_Pyq_fadeIn\">Hukuki <\/span><span class=\"BZ_Pyq_fadeIn\">y\u00fck\u00fcml\u00fcl\u00fckler <\/span><span class=\"BZ_Pyq_fadeIn\">gere\u011fi <\/span><span class=\"BZ_Pyq_fadeIn\">yetkili <\/span><span class=\"BZ_Pyq_fadeIn\">kamu <\/span><span class=\"BZ_Pyq_fadeIn\">kurum <\/span><span class=\"BZ_Pyq_fadeIn\">ve <\/span><span class=\"BZ_Pyq_fadeIn\">kurulu\u015flar\u0131na,<\/span><br data-start=\"1659\" data-end=\"1662\" \/><span class=\"BZ_Pyq_fadeIn\">\u2022 <\/span><span class=\"BZ_Pyq_fadeIn\">\u00d6deme\/<\/span><span class=\"BZ_Pyq_fadeIn\">sipari\u015f <\/span><span class=\"BZ_Pyq_fadeIn\">s\u00fcre\u00e7lerindeki <\/span><span class=\"BZ_Pyq_fadeIn\">\u00fc\u00e7\u00fcnc\u00fc <\/span><span class=\"BZ_Pyq_fadeIn\">taraf <\/span><span class=\"BZ_Pyq_fadeIn\">hizmet <\/span><span class=\"BZ_Pyq_fadeIn\">sa\u011flay\u0131c\u0131lar\u0131na,<\/span><br data-start=\"1729\" data-end=\"1732\" \/><span class=\"BZ_Pyq_fadeIn\">\u2022 <\/span><span class=\"BZ_Pyq_fadeIn\">\u0130\u015f <\/span><span class=\"BZ_Pyq_fadeIn\">ortaklar\u0131na<\/span><\/p><p data-start=\"1750\" data-end=\"1796\"><span class=\"BZ_Pyq_fadeIn\">yaln\u0131zca <\/span><span class=\"BZ_Pyq_fadeIn\">mevzuata <\/span><span class=\"BZ_Pyq_fadeIn\">uygun <\/span><span class=\"BZ_Pyq_fadeIn\">\u015fekilde <\/span><span class=\"BZ_Pyq_fadeIn\">aktar\u0131labilir.<\/span><\/p><hr data-start=\"1798\" data-end=\"1801\" \/><h3 data-section-id=\"11ookhr\" data-start=\"1803\" data-end=\"1832\"><strong data-start=\"1807\" data-end=\"1832\"><span class=\"BZ_Pyq_fadeIn\">5. <\/span><span class=\"BZ_Pyq_fadeIn\">\u00c7erezler (<\/span><span class=\"BZ_Pyq_fadeIn\">Cookies)<\/span><\/strong><\/h3><p data-start=\"1834\" data-end=\"1955\"><span class=\"BZ_Pyq_fadeIn\">Sitemizde <\/span><span class=\"BZ_Pyq_fadeIn\">performans <\/span><span class=\"BZ_Pyq_fadeIn\">ve <\/span><span class=\"BZ_Pyq_fadeIn\">i\u015flevselli\u011fi <\/span><span class=\"BZ_Pyq_fadeIn\">art\u0131rmak <\/span><span class=\"BZ_Pyq_fadeIn\">i\u00e7in <\/span><span class=\"BZ_Pyq_fadeIn\">\u00e7erezler <\/span><span class=\"BZ_Pyq_fadeIn\">kullan\u0131labilir. <\/span><span class=\"BZ_Pyq_fadeIn\">\u00c7erezler, <\/span><span class=\"BZ_Pyq_fadeIn\">kullan\u0131c\u0131 <\/span><span class=\"BZ_Pyq_fadeIn\">onay\u0131yla <\/span><span class=\"BZ_Pyq_fadeIn\">etkinle\u015ftirilir.<\/span><\/p><hr data-start=\"1957\" data-end=\"1960\" \/><h3 data-section-id=\"1vjl8bm\" data-start=\"1962\" data-end=\"1992\"><strong data-start=\"1966\" data-end=\"1992\"><span class=\"BZ_Pyq_fadeIn\">6. <\/span><span class=\"BZ_Pyq_fadeIn\">Veri <\/span><span class=\"BZ_Pyq_fadeIn\">Sahibi <\/span><span class=\"BZ_Pyq_fadeIn\">Haklar\u0131<\/span><\/strong><\/h3><p data-start=\"1994\" data-end=\"2017\"><span class=\"BZ_Pyq_fadeIn\">KVKK <\/span><span class=\"BZ_Pyq_fadeIn\">madde <\/span><span class=\"BZ_Pyq_fadeIn\">11 <\/span><span class=\"BZ_Pyq_fadeIn\">uyar\u0131nca;<\/span><\/p><p data-start=\"2019\" data-end=\"2331\"><span class=\"BZ_Pyq_fadeIn\">\u2022 <\/span><span class=\"BZ_Pyq_fadeIn\">Ki\u015fisel <\/span><span class=\"BZ_Pyq_fadeIn\">verilerinin <\/span><span class=\"BZ_Pyq_fadeIn\">i\u015flenip <\/span><span class=\"BZ_Pyq_fadeIn\">i\u015flenmedi\u011fini <\/span><span class=\"BZ_Pyq_fadeIn\">\u00f6\u011frenme,<\/span><br data-start=\"2071\" data-end=\"2074\" \/><span class=\"BZ_Pyq_fadeIn\">\u2022 <\/span><span class=\"BZ_Pyq_fadeIn\">\u0130\u015flenme <\/span><span class=\"BZ_Pyq_fadeIn\">amac\u0131 <\/span><span class=\"BZ_Pyq_fadeIn\">ve <\/span><span class=\"BZ_Pyq_fadeIn\">kapsam\u0131n\u0131 <\/span><span class=\"BZ_Pyq_fadeIn\">\u00f6\u011frenme,<\/span><br data-start=\"2111\" data-end=\"2114\" \/><span class=\"BZ_Pyq_fadeIn\">\u2022 <\/span><span class=\"BZ_Pyq_fadeIn\">Verilerin <\/span><span class=\"BZ_Pyq_fadeIn\">\u00fc\u00e7\u00fcnc\u00fc <\/span><span class=\"BZ_Pyq_fadeIn\">taraflara <\/span><span class=\"BZ_Pyq_fadeIn\">aktar\u0131l\u0131p <\/span><span class=\"BZ_Pyq_fadeIn\">aktar\u0131lmad\u0131\u011f\u0131n\u0131 <\/span><span class=\"BZ_Pyq_fadeIn\">\u00f6\u011frenme,<\/span><br data-start=\"2177\" data-end=\"2180\" \/><span class=\"BZ_Pyq_fadeIn\">\u2022 <\/span><span class=\"BZ_Pyq_fadeIn\">Yanl\u0131\u015f\/<\/span><span class=\"BZ_Pyq_fadeIn\">eksik <\/span><span class=\"BZ_Pyq_fadeIn\">verilerin <\/span><span class=\"BZ_Pyq_fadeIn\">d\u00fczeltilmesini <\/span><span class=\"BZ_Pyq_fadeIn\">talep <\/span><span class=\"BZ_Pyq_fadeIn\">etme,<\/span><br data-start=\"2231\" data-end=\"2234\" \/><span class=\"BZ_Pyq_fadeIn\">\u2022 <\/span><span class=\"BZ_Pyq_fadeIn\">Veri <\/span><span class=\"BZ_Pyq_fadeIn\">i\u015flenmesini <\/span><span class=\"BZ_Pyq_fadeIn\">s\u0131n\u0131rlama\/<\/span><span class=\"BZ_Pyq_fadeIn\">iptal <\/span><span class=\"BZ_Pyq_fadeIn\">etme,<\/span><br data-start=\"2274\" data-end=\"2277\" \/><span class=\"BZ_Pyq_fadeIn\">\u2022 <\/span><span class=\"BZ_Pyq_fadeIn\">A\u00e7\u0131k <\/span><span class=\"BZ_Pyq_fadeIn\">r\u0131za <\/span><span class=\"BZ_Pyq_fadeIn\">verilen <\/span><span class=\"BZ_Pyq_fadeIn\">i\u015fleme <\/span><span class=\"BZ_Pyq_fadeIn\">faaliyetlerinden <\/span><span class=\"BZ_Pyq_fadeIn\">vazge\u00e7me<\/span><\/p><p data-start=\"2333\" data-end=\"2352\"><span class=\"BZ_Pyq_fadeIn\">hakk\u0131na <\/span><span class=\"BZ_Pyq_fadeIn\">sahipsiniz.<\/span><\/p>\t\t\t\t\t\t\t\t<\/div>\n\t\t\t\t<\/div>\n\t\t\t\t\t<\/div>\n\t\t\t\t<\/div>\n\t\t\t\t<\/div>","protected":false},"excerpt":{"rendered":"<p>Ama\u00e7 Bu politika, https:\/\/qos.com.tr\/ (\u201cSite\u201d) \u00fczerinden toplanan ki\u015fisel verilerin toplanma ama\u00e7lar\u0131n\u0131, i\u015flenme \u015fartlar\u0131n\u0131 ve veri sahiplerinin haklar\u0131n\u0131 a\u00e7\u0131klamaktad\u0131r. KVKK (\u201c6698 say\u0131l\u0131 Ki\u015fisel Verilerin Korunmas\u0131 Kanunu\u201d) kapsam\u0131nda kullan\u0131c\u0131lar\u0131n ki\u015fisel verilerinin korunmas\u0131 temel ilkedir. 1. Veri Sorumlusu QOS Dijital HizmetlerAdres: KocaeliE\u2011posta: info@qos.com.trTelefon: 0 (262) 206 0767 Veri Sorumlusu; i\u015fbu politika metninde belirtilen kapsamda ki\u015fisel verilerin i\u015flenmesinden sorumludur. [&hellip;]<\/p>\n","protected":false},"author":1,"featured_media":0,"parent":0,"menu_order":0,"comment_status":"closed","ping_status":"closed","template":"elementor_header_footer","meta":{"_acf_changed":false,"footnotes":""},"class_list":["post-5212","page","type-page","status-publish","hentry"],"acf":[],"_links":{"self":[{"href":"https:\/\/www.qos.com.tr\/en\/wp-json\/wp\/v2\/pages\/5212","targetHints":{"allow":["GET"]}}],"collection":[{"href":"https:\/\/www.qos.com.tr\/en\/wp-json\/wp\/v2\/pages"}],"about":[{"href":"https:\/\/www.qos.com.tr\/en\/wp-json\/wp\/v2\/types\/page"}],"author":[{"embeddable":true,"href":"https:\/\/www.qos.com.tr\/en\/wp-json\/wp\/v2\/users\/1"}],"replies":[{"embeddable":true,"href":"https:\/\/www.qos.com.tr\/en\/wp-json\/wp\/v2\/comments?post=5212"}],"version-history":[{"count":0,"href":"https:\/\/www.qos.com.tr\/en\/wp-json\/wp\/v2\/pages\/5212\/revisions"}],"wp:attachment":[{"href":"https:\/\/www.qos.com.tr\/en\/wp-json\/wp\/v2\/media?parent=5212"}],"curies":[{"name":"wp","href":"https:\/\/api.w.org\/{rel}","templated":true}]}}