{"id":5077,"date":"2026-03-17T05:53:29","date_gmt":"2026-03-17T05:53:29","guid":{"rendered":"http:\/\/www.qos.com.tr\/?page_id=5077"},"modified":"2026-03-17T11:19:19","modified_gmt":"2026-03-17T11:19:19","slug":"fabrika-kurulum-projesi","status":"publish","type":"page","link":"https:\/\/www.qos.com.tr\/en\/fabrika-kurulum-projesi\/","title":{"rendered":"Factory Installation Project"},"content":{"rendered":"<div data-elementor-type=\"wp-page\" data-elementor-id=\"5077\" class=\"elementor elementor-5077\">\n\t\t\t\t<div class=\"elementor-element elementor-element-9361bb2 e-flex e-con-boxed e-con e-parent\" data-id=\"9361bb2\" data-element_type=\"container\" data-e-type=\"container\">\n\t\t\t\t\t<div class=\"e-con-inner\">\n\t\t<div class=\"elementor-element elementor-element-4cbcdce e-con-full e-flex e-con e-child\" data-id=\"4cbcdce\" data-element_type=\"container\" data-e-type=\"container\">\n\t\t\t\t<div class=\"elementor-element elementor-element-6204fe6 about__content-five elementor-widget elementor-widget-tg-heading\" data-id=\"6204fe6\" data-element_type=\"widget\" data-e-type=\"widget\" data-widget_type=\"tg-heading.default\">\n\t\t\t\t<div class=\"elementor-widget-container\">\n\t\t\t\t\t\r\n        <div class=\"section-title tg-heading-subheading animation-none3\">\r\n                        <h2 class=\"title tg-element-title\">Factory Installation Project\n\n\n<\/h2>        <\/div>\r\n\r\n\t\t\t\t<\/div>\n\t\t\t\t<\/div>\n\t\t\t\t<div class=\"elementor-element elementor-element-fec13d3 elementor-widget elementor-widget-text-editor\" data-id=\"fec13d3\" data-element_type=\"widget\" data-e-type=\"widget\" data-widget_type=\"text-editor.default\">\n\t\t\t\t<div class=\"elementor-widget-container\">\n\t\t\t\t\t\t\t\t\t<p>QOS has successfully completed the installation project of the new domestic battery production facilities of our customer manufacturing components for the automotive industry.<\/p><p><b>Responsibilities of the QOS Team:<\/b><\/p><ul><li>Unloading of machines and equipment from trucks (97 containers)Unpacking works<\/li><li>Floor marking<\/li><li>Mechanical and electrical installation works<\/li><li>Commissioning of the systems<\/li><li>System commissioning.<\/li><\/ul><p><b>QOS Team Composition:<\/b><\/p><ul><li>2 Engineers<\/li><li>20 expert staff<\/li><\/ul><p><b>Equipment Used:<\/b><\/p><ul><li>35T and 70T Cranes<\/li><li>2 units of 10T Electric Forklifts<\/li><\/ul>\t\t\t\t\t\t\t\t<\/div>\n\t\t\t\t<\/div>\n\t\t<div class=\"elementor-element elementor-element-454fb8c e-grid e-con-full e-con e-child\" data-id=\"454fb8c\" data-element_type=\"container\" data-e-type=\"container\">\n\t\t\t\t<div class=\"elementor-element elementor-element-c3b9547 elementor-view-default elementor-position-block-start elementor-mobile-position-block-start elementor-widget elementor-widget-icon-box\" data-id=\"c3b9547\" data-element_type=\"widget\" data-e-type=\"widget\" data-widget_type=\"icon-box.default\">\n\t\t\t\t<div class=\"elementor-widget-container\">\n\t\t\t\t\t\t\t<div class=\"elementor-icon-box-wrapper\">\n\n\t\t\t\t\t\t<div class=\"elementor-icon-box-icon\">\n\t\t\t\t<span  class=\"elementor-icon\">\n\t\t\t\t<svg xmlns=\"http:\/\/www.w3.org\/2000\/svg\" xmlns:xlink=\"http:\/\/www.w3.org\/1999\/xlink\" width=\"512\" height=\"512\" x=\"0\" y=\"0\" viewbox=\"0 0 64 64\" style=\"enable-background:new 0 0 512 512\" xml:space=\"preserve\"><g><path d=\"M44.485 28.405c-.096-3.692-5.493-3.691-5.59 0 .097 3.692 5.494 3.69 5.59 0zm-3.518 0c.005-.953 1.442-.952 1.447 0-.005.952-1.442.952-1.447 0zM47.718 33.17c-3.686.096-3.685 5.503 0 5.6 3.685-.098 3.684-5.504 0-5.6zm0 3.528c-.946-.005-.946-1.452 0-1.457.945.005.945 1.452 0 1.457zM48.291 26.868a1.036 1.036 0 0 0-1.436.29l-5.476 8.238a1.036 1.036 0 0 0 1.726 1.147l5.476-8.238a1.036 1.036 0 0 0-.29-1.437zM18.136 25.163a1.031 1.031 0 0 0-.971-.096l-3.038 1.257c-1.248.543-.475 2.41.792 1.913l1.606-.664v10.403a1.036 1.036 0 0 0 2.071 0V26.024c0-.346-.172-.67-.46-.861zM24.133 25.362a3.928 3.928 0 0 0-3.923 3.924v5.803c.164 5.183 7.681 5.184 7.846 0v-5.803a3.928 3.928 0 0 0-3.923-3.924zm1.851 9.727c-.063 2.44-3.64 2.442-3.703 0v-5.803c.063-2.44 3.64-2.443 3.703 0v5.803zM33.519 25.362a3.928 3.928 0 0 0-3.923 3.924v5.803c.164 5.183 7.681 5.184 7.846 0v-5.803a3.928 3.928 0 0 0-3.923-3.924zm1.851 9.727c-.063 2.44-3.639 2.442-3.703 0v-5.803c.064-2.44 3.64-2.443 3.703 0v5.803z\" fill=\"#fbbf34\" opacity=\"1\" data-original=\"#000000\"><\/path><path d=\"M32 7.019C18.207 7.019 6.986 18.225 6.986 32c1.374 33.14 48.66 33.13 50.028 0C57.014 18.225 45.792 7.019 32 7.019zm0 47.89C19.35 54.91 9.058 44.633 9.058 32c1.26-30.393 44.63-30.384 45.885 0 0 12.632-10.292 22.91-22.943 22.91z\" fill=\"#fbbf34\" opacity=\"1\" data-original=\"#000000\"><\/path><path d=\"M32 3.038C16.01 3.038 3 16.03 3 32c1.592 38.421 56.414 38.41 58 0C61 16.03 47.99 3.038 32 3.038zm0 55.852C17.152 58.89 5.071 46.827 5.071 32 6.551-3.673 57.455-3.663 58.93 32c0 14.827-12.08 26.89-26.929 26.89z\" fill=\"#fbbf34\" opacity=\"1\" data-original=\"#000000\"><\/path><\/g><\/svg>\t\t\t\t<\/span>\n\t\t\t<\/div>\n\t\t\t\n\t\t\t\t\t\t<div class=\"elementor-icon-box-content\">\n\n\t\t\t\t\t\t\t\t\t<h3 class=\"elementor-icon-box-title\">\n\t\t\t\t\t\t<span  >\n\t\t\t\t\t\t\t100% Customer Satisfaction\t\t\t\t\t\t<\/span>\n\t\t\t\t\t<\/h3>\n\t\t\t\t\n\t\t\t\t\n\t\t\t<\/div>\n\t\t\t\n\t\t<\/div>\n\t\t\t\t\t\t<\/div>\n\t\t\t\t<\/div>\n\t\t\t\t<div class=\"elementor-element elementor-element-6c06978 elementor-view-default elementor-position-block-start elementor-mobile-position-block-start elementor-widget elementor-widget-icon-box\" data-id=\"6c06978\" data-element_type=\"widget\" data-e-type=\"widget\" data-widget_type=\"icon-box.default\">\n\t\t\t\t<div class=\"elementor-widget-container\">\n\t\t\t\t\t\t\t<div class=\"elementor-icon-box-wrapper\">\n\n\t\t\t\t\t\t<div class=\"elementor-icon-box-icon\">\n\t\t\t\t<span  class=\"elementor-icon\">\n\t\t\t\t<svg xmlns=\"http:\/\/www.w3.org\/2000\/svg\" xmlns:xlink=\"http:\/\/www.w3.org\/1999\/xlink\" width=\"512\" height=\"512\" x=\"0\" y=\"0\" viewbox=\"0 0 512 512\" style=\"enable-background:new 0 0 512 512\" xml:space=\"preserve\" class=\"\"><g><path d=\"M471 511H41c-22.056 0-40-17.944-40-40V81c0-22.056 17.944-40 40-40h30c5.522 0 10 4.478 10 10v19.523c0 5.587 4.32 10.284 9.632 10.47C96.178 81.233 101 76.77 101 71V51c0-5.522 4.477-10 10-10h70c5.522 0 10 4.478 10 10v19.523c0 5.587 4.32 10.284 9.632 10.47C206.216 81.233 211 76.73 211 71V51c0-5.522 4.477-10 10-10h70c5.522 0 10 4.478 10 10v19.523c0 5.587 4.32 10.284 9.632 10.47C316.162 81.232 321 76.782 321 71V51c0-5.522 4.478-10 10-10h70c5.522 0 10 4.478 10 10v19.523c0 5.587 4.32 10.284 9.632 10.47C426.197 81.233 431 76.752 431 71V51c0-5.522 4.478-10 10-10h30c22.056 0 40 17.944 40 40v390c0 22.056-17.944 40-40 40zM41 61c-11.028 0-20 8.972-20 20v390c0 11.028 8.972 20 20 20h430c11.028 0 20-8.972 20-20V81c0-11.028-8.972-20-20-20h-20v10c0 16.964-14.004 30.569-31.068 29.981C403.708 100.413 391 87.034 391 70.523V61h-50v10c0 16.973-14.014 30.569-31.068 29.981C293.708 100.413 281 87.034 281 70.523V61h-50v10c0 16.951-13.993 30.57-31.068 29.981C183.708 100.413 171 87.034 171 70.523V61h-50v10c0 16.92-13.959 30.57-31.068 29.981C73.708 100.413 61 87.034 61 70.523V61z\" fill=\"#fbbf34\" opacity=\"1\" data-original=\"#000000\" class=\"\"><\/path><path d=\"M501 161H11c-5.523 0-10-4.477-10-10s4.477-10 10-10h490c5.522 0 10 4.477 10 10s-4.478 10-10 10zM421 101c-16.542 0-30-13.458-30-30V31c0-16.542 13.458-30 30-30 16.576 0 30 13.425 30 30v40c0 16.542-13.458 30-30 30zm0-80c-5.514 0-10 4.486-10 10v40c0 5.514 4.486 10 10 10s10-4.486 10-10V31c0-5.519-4.479-10-10-10zM311 101c-16.542 0-30-13.458-30-30V31c0-16.542 13.458-30 30-30 16.576 0 30 13.425 30 30v40c0 16.542-13.458 30-30 30zm0-80c-5.514 0-10 4.486-10 10v40c0 5.514 4.486 10 10 10s10-4.486 10-10V31c0-5.519-4.479-10-10-10zM201 101c-16.542 0-30-13.458-30-30V31c0-16.542 13.458-30 30-30 16.576 0 30 13.425 30 30v40c0 16.542-13.458 30-30 30zm0-80c-5.514 0-10 4.486-10 10v40c0 5.514 4.486 10 10 10s10-4.486 10-10V31c0-5.519-4.479-10-10-10zM91 101c-16.542 0-30-13.458-30-30V31C61 14.458 74.458 1 91 1c16.575 0 30 13.425 30 30v40c0 16.542-13.458 30-30 30zm0-80c-5.514 0-10 4.486-10 10v40c0 5.514 4.486 10 10 10s10-4.486 10-10V31c0-5.519-4.479-10-10-10zM131 261H81c-5.523 0-10-4.478-10-10v-50c0-5.523 4.477-10 10-10h50c5.522 0 10 4.477 10 10v50c0 5.522-4.478 10-10 10zm-40-20h30v-30H91zM231 261h-50c-5.523 0-10-4.478-10-10v-50c0-5.523 4.477-10 10-10h50c5.523 0 10 4.477 10 10v50c0 5.522-4.477 10-10 10zm-40-20h30v-30h-30zM331 261h-50c-5.522 0-10-4.478-10-10v-50c0-5.523 4.478-10 10-10h50c5.522 0 10 4.477 10 10v50c0 5.522-4.478 10-10 10zm-40-20h30v-30h-30zM431 261h-50c-5.522 0-10-4.478-10-10v-50c0-5.523 4.478-10 10-10h50c5.522 0 10 4.477 10 10v50c0 5.522-4.478 10-10 10zm-40-20h30v-30h-30zM331 361h-50c-5.522 0-10-4.478-10-10v-50c0-5.522 4.478-10 10-10h50c5.522 0 10 4.478 10 10v50c0 5.522-4.478 10-10 10zm-40-20h30v-30h-30zM431 361h-50c-5.522 0-10-4.478-10-10v-50c0-5.522 4.478-10 10-10h50c5.522 0 10 4.478 10 10v50c0 5.522-4.478 10-10 10zm-40-20h30v-30h-30zM331 461h-50c-5.522 0-10-4.478-10-10v-50c0-5.522 4.478-10 10-10h50c5.522 0 10 4.478 10 10v50c0 5.522-4.478 10-10 10zm-40-20h30v-30h-30zM431 461h-50c-5.522 0-10-4.478-10-10v-50c0-5.522 4.478-10 10-10h50c5.522 0 10 4.478 10 10v50c0 5.522-4.478 10-10 10zm-40-20h30v-30h-30zM131 361H81c-5.523 0-10-4.478-10-10v-50c0-5.522 4.477-10 10-10h50c5.522 0 10 4.478 10 10v50c0 5.522-4.478 10-10 10zm-40-20h30v-30H91zM231 361h-50c-5.523 0-10-4.478-10-10v-50c0-5.522 4.477-10 10-10h50c5.523 0 10 4.478 10 10v50c0 5.522-4.477 10-10 10zm-40-20h30v-30h-30zM131 461H81c-5.523 0-10-4.478-10-10v-50c0-5.522 4.477-10 10-10h50c5.522 0 10 4.478 10 10v50c0 5.522-4.478 10-10 10zm-40-20h30v-30H91zM231 461h-50c-5.523 0-10-4.478-10-10v-50c0-5.522 4.477-10 10-10h50c5.523 0 10 4.478 10 10v50c0 5.522-4.477 10-10 10zm-40-20h30v-30h-30z\" fill=\"#fbbf34\" opacity=\"1\" data-original=\"#000000\" class=\"\"><\/path><\/g><\/svg>\t\t\t\t<\/span>\n\t\t\t<\/div>\n\t\t\t\n\t\t\t\t\t\t<div class=\"elementor-icon-box-content\">\n\n\t\t\t\t\t\t\t\t\t<h3 class=\"elementor-icon-box-title\">\n\t\t\t\t\t\t<span  >\n\t\t\t\t\t\t\tOn-Time Delivery\t\t\t\t\t\t<\/span>\n\t\t\t\t\t<\/h3>\n\t\t\t\t\n\t\t\t\t\n\t\t\t<\/div>\n\t\t\t\n\t\t<\/div>\n\t\t\t\t\t\t<\/div>\n\t\t\t\t<\/div>\n\t\t\t\t<div class=\"elementor-element elementor-element-90d9923 elementor-view-default elementor-position-block-start elementor-mobile-position-block-start elementor-widget elementor-widget-icon-box\" data-id=\"90d9923\" data-element_type=\"widget\" data-e-type=\"widget\" data-widget_type=\"icon-box.default\">\n\t\t\t\t<div class=\"elementor-widget-container\">\n\t\t\t\t\t\t\t<div class=\"elementor-icon-box-wrapper\">\n\n\t\t\t\t\t\t<div class=\"elementor-icon-box-icon\">\n\t\t\t\t<span  class=\"elementor-icon\">\n\t\t\t\t<svg xmlns=\"http:\/\/www.w3.org\/2000\/svg\" xmlns:xlink=\"http:\/\/www.w3.org\/1999\/xlink\" width=\"512\" height=\"512\" x=\"0\" y=\"0\" viewbox=\"0 0 512 512\" style=\"enable-background:new 0 0 512 512\" xml:space=\"preserve\" class=\"\"><g><path d=\"M409.545 137.781a198.142 198.142 0 0 1 3.596 3.505c40.225 40.215 65.095 95.773 65.095 157.141v58.589M369.138 107.112a219.098 219.098 0 0 0-33.133-16.082M175.995 91.03a220.968 220.968 0 0 0-33.133 16.082M33.764 357.016v-58.589c0-63.176 26.365-120.189 68.691-160.646M301.457 357.016v-94.955c0-8.368-6.784-15.152-15.152-15.152s-15.152 6.784-15.152 15.152v94.955M210.543 357.016v-94.955c0-8.368 6.784-15.152 15.152-15.152 8.368 0 15.152 6.784 15.152 15.152v94.955\" style=\"stroke-width:15;stroke-linecap:round;stroke-linejoin:round;stroke-miterlimit:10;\" fill=\"none\" stroke=\"#fbbf34\" stroke-width=\"15\" stroke-linecap=\"round\" stroke-linejoin=\"round\" stroke-miterlimit=\"10\" data-original=\"#000000\" opacity=\"1\" class=\"\"><\/path><path d=\"m184.95 357.02-9.24-274.44c-.31-9.36 5.83-17.78 14.89-20.17 21.08-5.57 43.02-8.44 65.4-8.44s44.32 2.87 65.4 8.44c9.06 2.39 15.2 10.81 14.89 20.17L335 121.03M333.82 156.01l-6.77 201.01M402.701 111.29a223.104 223.104 0 0 0-24.118-18.449c-4.045-2.679-9.444.179-9.444 5.031v153.629c0 8.746 10.359 13.359 16.859 7.508l16.859-15.173a20.204 20.204 0 0 0 6.688-15.017V126.455a20.189 20.189 0 0 0-6.844-15.165zM109.299 111.29a223.104 223.104 0 0 1 24.118-18.449c4.045-2.679 9.444.179 9.444 5.031v153.629c0 8.746-10.359 13.359-16.859 7.508l-16.859-15.173a20.204 20.204 0 0 1-6.688-15.017V126.455a20.189 20.189 0 0 1 6.844-15.165zM87.66 357.02H17.6c-5.58 0-10.1 4.52-10.1 10.1v21.74c0 5.47 2.22 10.71 6.15 14.52l44.73 43.28a40.378 40.378 0 0 0 28.1 11.37h234.95\" style=\"stroke-width:15;stroke-linecap:round;stroke-linejoin:round;stroke-miterlimit:10;\" fill=\"none\" stroke=\"#fbbf34\" stroke-width=\"15\" stroke-linecap=\"round\" stroke-linejoin=\"round\" stroke-miterlimit=\"10\" data-original=\"#000000\" opacity=\"1\" class=\"\"><\/path><path d=\"M122.66 357.02H494.4c5.58 0 10.1 4.52 10.1 10.1v21.74c0 5.47-2.22 10.71-6.15 14.52l-44.73 43.28a40.378 40.378 0 0 1-28.1 11.37h-69.09\" style=\"stroke-width:15;stroke-linecap:round;stroke-linejoin:round;stroke-miterlimit:10;\" fill=\"none\" stroke=\"#fbbf34\" stroke-width=\"15\" stroke-linecap=\"round\" stroke-linejoin=\"round\" stroke-miterlimit=\"10\" data-original=\"#000000\" opacity=\"1\" class=\"\"><\/path><\/g><\/svg>\t\t\t\t<\/span>\n\t\t\t<\/div>\n\t\t\t\n\t\t\t\t\t\t<div class=\"elementor-icon-box-content\">\n\n\t\t\t\t\t\t\t\t\t<h3 class=\"elementor-icon-box-title\">\n\t\t\t\t\t\t<span  >\n\t\t\t\t\t\t\tExpert Team\t\t\t\t\t\t<\/span>\n\t\t\t\t\t<\/h3>\n\t\t\t\t\n\t\t\t\t\n\t\t\t<\/div>\n\t\t\t\n\t\t<\/div>\n\t\t\t\t\t\t<\/div>\n\t\t\t\t<\/div>\n\t\t\t\t<div class=\"elementor-element elementor-element-acd7915 elementor-view-default elementor-position-block-start elementor-mobile-position-block-start elementor-widget elementor-widget-icon-box\" data-id=\"acd7915\" data-element_type=\"widget\" data-e-type=\"widget\" data-widget_type=\"icon-box.default\">\n\t\t\t\t<div class=\"elementor-widget-container\">\n\t\t\t\t\t\t\t<div class=\"elementor-icon-box-wrapper\">\n\n\t\t\t\t\t\t<div class=\"elementor-icon-box-icon\">\n\t\t\t\t<span  class=\"elementor-icon\">\n\t\t\t\t<svg xmlns=\"http:\/\/www.w3.org\/2000\/svg\" xmlns:xlink=\"http:\/\/www.w3.org\/1999\/xlink\" width=\"512\" height=\"512\" x=\"0\" y=\"0\" viewbox=\"0 0 64 64\" style=\"enable-background:new 0 0 512 512\" xml:space=\"preserve\"><g><path d=\"m63.22 26.87-7-1.42a25 25 0 0 0-2.46-5.95l4-5.95a1 1 0 0 0-.13-1.22l-5.96-5.91a1 1 0 0 0-1.22-.13l-6 4a25 25 0 0 0-6-2.46l-1.42-7a1 1 0 0 0-1-.78h-8.21a1 1 0 0 0-.95.78l-1.42 7a25 25 0 0 0-5.95 2.46l-5.95-4a1 1 0 0 0-1.22.13l-5.91 5.91a1 1 0 0 0-.13 1.22l4 5.95a25 25 0 0 0-2.46 5.95l-7 1.42a1 1 0 0 0-.78.95v8.36a1 1 0 0 0 .78 1l7 1.42a25 25 0 0 0 2.46 6l-3.95 6a1 1 0 0 0 .13 1.22l5.91 5.92a1 1 0 0 0 1.22.12l5.95-4a24.58 24.58 0 0 0 5.95 2.46l1.42 7a1 1 0 0 0 .95.78h8.36a1 1 0 0 0 1-.78l1.42-7a24.58 24.58 0 0 0 6-2.46l6 4a1 1 0 0 0 1.22-.12l5.91-5.92a1 1 0 0 0 .13-1.22l-4-6a25 25 0 0 0 2.46-6l7-1.42a1 1 0 0 0 .78-1v-8.36a1 1 0 0 0-.93-.95zm-1.16 8.52-6.82 1.38a1 1 0 0 0-.75.73 22.88 22.88 0 0 1-2.7 6.5 1 1 0 0 0 0 1l3.84 5.8-4.79 4.79-5.8-3.84a1 1 0 0 0-1 0 22.88 22.88 0 0 1-6.52 2.7 1 1 0 0 0-.73.75l-1.38 6.82h-6.8l-1.38-6.82a1 1 0 0 0-.72-.75A22.82 22.82 0 0 1 20 51.79a1 1 0 0 0-1 0l-5.8 3.84-4.85-4.77 3.84-5.8a1 1 0 0 0 0-1 22.88 22.88 0 0 1-2.7-6.52 1 1 0 0 0-.75-.73l-6.8-1.42v-6.78l6.82-1.38a1 1 0 0 0 .75-.72 22.82 22.82 0 0 1 2.7-6.51 1 1 0 0 0 0-1l-3.84-5.8 4.79-4.79 5.8 3.84a1 1 0 0 0 1 0 22.82 22.82 0 0 1 6.53-2.7 1 1 0 0 0 .72-.75l1.38-6.82h6.78l1.38 6.82a1 1 0 0 0 .73.75A22.88 22.88 0 0 1 44 12.21a1 1 0 0 0 1 0l5.8-3.84 4.79 4.79-3.84 5.8a1 1 0 0 0 0 1 22.82 22.82 0 0 1 2.7 6.53 1 1 0 0 0 .75.72l6.82 1.38z\" fill=\"#fbbf34\" opacity=\"1\" data-original=\"#000000\"><\/path><path d=\"M32 14.66A17.34 17.34 0 1 0 49.34 32 17.36 17.36 0 0 0 32 14.66zm0 32.74A15.4 15.4 0 1 1 47.4 32 15.42 15.42 0 0 1 32 47.4z\" fill=\"#fbbf34\" opacity=\"1\" data-original=\"#000000\"><\/path><\/g><\/svg>\t\t\t\t<\/span>\n\t\t\t<\/div>\n\t\t\t\n\t\t\t\t\t\t<div class=\"elementor-icon-box-content\">\n\n\t\t\t\t\t\t\t\t\t<h3 class=\"elementor-icon-box-title\">\n\t\t\t\t\t\t<span  >\n\t\t\t\t\t\t\tTurnkey Project\t\t\t\t\t\t<\/span>\n\t\t\t\t\t<\/h3>\n\t\t\t\t\n\t\t\t\t\n\t\t\t<\/div>\n\t\t\t\n\t\t<\/div>\n\t\t\t\t\t\t<\/div>\n\t\t\t\t<\/div>\n\t\t\t\t<\/div>\n\t\t\t\t<\/div>\n\t\t<div class=\"elementor-element elementor-element-7fd1c94 e-con-full e-flex e-con e-child\" data-id=\"7fd1c94\" data-element_type=\"container\" data-e-type=\"container\">\n\t\t\t\t<div class=\"elementor-element elementor-element-7ae3135 elementor-widget elementor-widget-image\" data-id=\"7ae3135\" data-element_type=\"widget\" data-e-type=\"widget\" data-widget_type=\"image.default\">\n\t\t\t\t<div class=\"elementor-widget-container\">\n\t\t\t\t\t\t\t\t\t\t\t\t\t\t\t<img fetchpriority=\"high\" decoding=\"async\" width=\"500\" height=\"374\" src=\"https:\/\/www.qos.com.tr\/wp-content\/uploads\/2026\/03\/enerji-1.jpg\" class=\"attachment-full size-full wp-image-5071\" alt=\"\" srcset=\"https:\/\/www.qos.com.tr\/wp-content\/uploads\/2026\/03\/enerji-1.jpg 500w, https:\/\/www.qos.com.tr\/wp-content\/uploads\/2026\/03\/enerji-1-300x224.jpg 300w, https:\/\/www.qos.com.tr\/wp-content\/uploads\/2026\/03\/enerji-1-16x12.webp 16w\" sizes=\"(max-width: 500px) 100vw, 500px\" \/>\t\t\t\t\t\t\t\t\t\t\t\t\t\t\t<\/div>\n\t\t\t\t<\/div>\n\t\t\t\t<\/div>\n\t\t\t\t\t<\/div>\n\t\t\t\t<\/div>\n\t\t\t\t<\/div>","protected":false},"excerpt":{"rendered":"<p>Fabrika Kurulum Projesi QOS, otomotiv sekt\u00f6r\u00fcne batarya \u00fcreten m\u00fc\u015fterimizin yurt i\u00e7indeki yeni \u00fcretim tesislerinin montaj projesini ba\u015far\u0131yla tamamlam\u0131\u015ft\u0131r. QOS Ekibinin Sorumluluklar\u0131: Makine ve ekipmanlar\u0131n t\u0131rlardan indirilmesi (97 konteyner) Paketlerin a\u00e7\u0131lmas\u0131 (unpacking) Zemin markalamas\u0131n\u0131n yap\u0131lmas\u0131 Mekanik ve elektrik montaj i\u015flerinin ger\u00e7ekle\u015ftirilmesi Sistemlerin devreye al\u0131nmas\u0131. QOS Ekibinde: 2 M\u00fchendis 20 uzman personel g\u00f6rev alm\u0131\u015ft\u0131r. Kullan\u0131lan Ekipmanlar: 35 [&hellip;]<\/p>\n","protected":false},"author":1,"featured_media":0,"parent":0,"menu_order":0,"comment_status":"closed","ping_status":"closed","template":"elementor_header_footer","meta":{"_acf_changed":false,"footnotes":""},"class_list":["post-5077","page","type-page","status-publish","hentry"],"acf":[],"_links":{"self":[{"href":"https:\/\/www.qos.com.tr\/en\/wp-json\/wp\/v2\/pages\/5077","targetHints":{"allow":["GET"]}}],"collection":[{"href":"https:\/\/www.qos.com.tr\/en\/wp-json\/wp\/v2\/pages"}],"about":[{"href":"https:\/\/www.qos.com.tr\/en\/wp-json\/wp\/v2\/types\/page"}],"author":[{"embeddable":true,"href":"https:\/\/www.qos.com.tr\/en\/wp-json\/wp\/v2\/users\/1"}],"replies":[{"embeddable":true,"href":"https:\/\/www.qos.com.tr\/en\/wp-json\/wp\/v2\/comments?post=5077"}],"version-history":[{"count":0,"href":"https:\/\/www.qos.com.tr\/en\/wp-json\/wp\/v2\/pages\/5077\/revisions"}],"wp:attachment":[{"href":"https:\/\/www.qos.com.tr\/en\/wp-json\/wp\/v2\/media?parent=5077"}],"curies":[{"name":"wp","href":"https:\/\/api.w.org\/{rel}","templated":true}]}}