{"id":4179,"date":"2026-02-20T05:45:23","date_gmt":"2026-02-20T05:45:23","guid":{"rendered":"http:\/\/www.qos.com.tr\/?page_id=4179"},"modified":"2026-03-10T09:32:02","modified_gmt":"2026-03-10T09:32:02","slug":"kariyer","status":"publish","type":"page","link":"https:\/\/www.qos.com.tr\/en\/kariyer\/","title":{"rendered":"Career"},"content":{"rendered":"<div data-elementor-type=\"wp-page\" data-elementor-id=\"4179\" class=\"elementor elementor-4179\">\n\t\t\t\t<div class=\"elementor-element elementor-element-b6df3ee e-flex e-con-boxed e-con e-parent\" data-id=\"b6df3ee\" data-element_type=\"container\" data-e-type=\"container\">\n\t\t\t\t\t<div class=\"e-con-inner\">\n\t\t<div class=\"elementor-element elementor-element-84e4cf7 e-con-full e-flex e-con e-child\" data-id=\"84e4cf7\" data-element_type=\"container\" data-e-type=\"container\">\n\t\t<div class=\"elementor-element elementor-element-8179cb2 e-con-full e-flex e-con e-child\" data-id=\"8179cb2\" data-element_type=\"container\" data-e-type=\"container\">\n\t\t\t\t<div class=\"elementor-element elementor-element-69e6452 elementor-widget elementor-widget-heading\" data-id=\"69e6452\" data-element_type=\"widget\" data-e-type=\"widget\" data-widget_type=\"heading.default\">\n\t\t\t\t<div class=\"elementor-widget-container\">\n\t\t\t\t\t<h2 class=\"elementor-heading-title elementor-size-default\">Shape Your Future with Us<\/h2>\t\t\t\t<\/div>\n\t\t\t\t<\/div>\n\t\t\t\t<div class=\"elementor-element elementor-element-5e53449 elementor-widget elementor-widget-heading\" data-id=\"5e53449\" data-element_type=\"widget\" data-e-type=\"widget\" data-widget_type=\"heading.default\">\n\t\t\t\t<div class=\"elementor-widget-container\">\n\t\t\t\t\t<p class=\"elementor-heading-title elementor-size-default\">The greatest force behind our success is our talented and open-minded team. Our Human Resources policy is to place the right talent in the right position, support the development of our employees, and create a sustainable working environment.\n<\/p>\t\t\t\t<\/div>\n\t\t\t\t<\/div>\n\t\t\t\t<div class=\"elementor-element elementor-element-9b4f6c6 elementor-widget elementor-widget-image\" data-id=\"9b4f6c6\" data-element_type=\"widget\" data-e-type=\"widget\" data-widget_type=\"image.default\">\n\t\t\t\t<div class=\"elementor-widget-container\">\n\t\t\t\t\t\t\t\t\t\t\t\t\t\t\t<img fetchpriority=\"high\" decoding=\"async\" width=\"492\" height=\"747\" src=\"https:\/\/www.qos.com.tr\/wp-content\/uploads\/2026\/02\/ofis-qos-kariyer.jpg\" class=\"attachment-large size-large wp-image-4190\" alt=\"\" srcset=\"https:\/\/www.qos.com.tr\/wp-content\/uploads\/2026\/02\/ofis-qos-kariyer.jpg 492w, https:\/\/www.qos.com.tr\/wp-content\/uploads\/2026\/02\/ofis-qos-kariyer-198x300.jpg 198w, https:\/\/www.qos.com.tr\/wp-content\/uploads\/2026\/02\/ofis-qos-kariyer-8x12.jpg 8w\" sizes=\"(max-width: 492px) 100vw, 492px\" \/>\t\t\t\t\t\t\t\t\t\t\t\t\t\t\t<\/div>\n\t\t\t\t<\/div>\n\t\t\t\t<\/div>\n\t\t<div class=\"elementor-element elementor-element-4867449 e-con-full e-flex e-con e-child\" data-id=\"4867449\" data-element_type=\"container\" data-e-type=\"container\">\n\t\t\t\t<div class=\"elementor-element elementor-element-816d36f elementor-widget elementor-widget-shortcode\" data-id=\"816d36f\" data-element_type=\"widget\" data-e-type=\"widget\" data-widget_type=\"shortcode.default\">\n\t\t\t\t<div class=\"elementor-widget-container\">\n\t\t\t\t\t\t\t<div class=\"elementor-shortcode\">\n<div class=\"wpcf7 no-js\" id=\"wpcf7-f4181-o1\" lang=\"en-US\" dir=\"ltr\" data-wpcf7-id=\"4181\">\n<div class=\"screen-reader-response\"><p role=\"status\" aria-live=\"polite\" aria-atomic=\"true\"><\/p> <ul><\/ul><\/div>\n<form action=\"\/en\/wp-json\/wp\/v2\/pages\/4179#wpcf7-f4181-o1\" method=\"post\" class=\"wpcf7-form init\" aria-label=\"Contact form\" novalidate=\"novalidate\" data-status=\"init\" data-trp-original-action=\"\/en\/wp-json\/wp\/v2\/pages\/4179#wpcf7-f4181-o1\">\n<fieldset class=\"hidden-fields-container\"><input type=\"hidden\" name=\"_wpcf7\" value=\"4181\" \/><input type=\"hidden\" name=\"_wpcf7_version\" value=\"6.1.5\" \/><input type=\"hidden\" name=\"_wpcf7_locale\" value=\"en_US\" \/><input type=\"hidden\" name=\"_wpcf7_unit_tag\" value=\"wpcf7-f4181-o1\" \/><input type=\"hidden\" name=\"_wpcf7_container_post\" value=\"0\" \/><input type=\"hidden\" name=\"_wpcf7_posted_data_hash\" value=\"\" \/>\n<\/fieldset>\n<div class=\"contact__form-wrap\">\n    <h2 class=\"title\">Job Application Form<\/h2>\n    <p>You can contact us by filling out the form.<\/p>\n \n    <div class=\"row\">\n        <div class=\"col-md-4\">\n            <div class=\"form-grp\">\n                <span class=\"wpcf7-form-control-wrap\" data-name=\"your-name\"><input size=\"40\" maxlength=\"400\" class=\"wpcf7-form-control wpcf7-text wpcf7-validates-as-required\" aria-required=\"true\" aria-invalid=\"false\" placeholder=\"Name*\" value=\"\" type=\"text\" name=\"your-name\" \/><\/span>\n            <\/div>\n        <\/div>\n        <div class=\"col-md-4\">\n            <div class=\"form-grp\">\n                <span class=\"wpcf7-form-control-wrap\" data-name=\"your-email\"><input size=\"40\" maxlength=\"400\" class=\"wpcf7-form-control wpcf7-email wpcf7-validates-as-required wpcf7-text wpcf7-validates-as-email\" aria-required=\"true\" aria-invalid=\"false\" placeholder=\"Email\" value=\"\" type=\"email\" name=\"your-email\" \/><\/span>\n            <\/div>\n        <\/div>\n        <div class=\"col-md-4\">\n            <div class=\"form-grp\">\n                <span class=\"wpcf7-form-control-wrap\" data-name=\"your-phone\"><input size=\"40\" maxlength=\"400\" class=\"wpcf7-form-control wpcf7-tel wpcf7-validates-as-required wpcf7-text wpcf7-validates-as-tel\" aria-required=\"true\" aria-invalid=\"false\" placeholder=\"Phone\" value=\"\" type=\"tel\" name=\"your-phone\" \/><\/span>\n            <\/div>\n        <\/div>\n    <\/div>\n\n\n  <div class=\"row\">\n        <div class=\"col-md-4\">\n            <div class=\"form-grp\">\n                <span class=\"wpcf7-form-control-wrap\" data-name=\"text-141\"><input size=\"40\" maxlength=\"400\" class=\"wpcf7-form-control wpcf7-text wpcf7-validates-as-required\" aria-required=\"true\" aria-invalid=\"false\" placeholder=\"Your place of birth\" value=\"\" type=\"text\" name=\"text-141\" \/><\/span>\n            <\/div>\n        <\/div>\n        <div class=\"col-md-4\">\n            <div class=\"form-grp\">\n                <span class=\"wpcf7-form-control-wrap\" data-name=\"date-315\"><input class=\"wpcf7-form-control wpcf7-date wpcf7-validates-as-required wpcf7-validates-as-date\" aria-required=\"true\" aria-invalid=\"false\" placeholder=\"Do\u011fum Tarihiniz\" value=\"\" type=\"date\" name=\"date-315\" \/><\/span>\n            <\/div>\n        <\/div>\n        <div class=\"col-md-4\">\n            <div class=\"form-grp\">\n               <span class=\"wpcf7-form-control-wrap\" data-name=\"text-837\"><input size=\"40\" maxlength=\"400\" class=\"wpcf7-form-control wpcf7-text wpcf7-validates-as-required\" aria-required=\"true\" aria-invalid=\"false\" placeholder=\"Your Marital Status\" value=\"\" type=\"text\" name=\"text-837\" \/><\/span>\n            <\/div>\n        <\/div>\n    <\/div>\n\n\n\n  <div class=\"row\">\n        <div class=\"col-md-4\">\n            <div class=\"form-grp\">\n                <span class=\"wpcf7-form-control-wrap\" data-name=\"text-213\"><input size=\"40\" maxlength=\"400\" class=\"wpcf7-form-control wpcf7-text\" aria-invalid=\"false\" placeholder=\"Educational Status\" value=\"\" type=\"text\" name=\"text-213\" \/><\/span>\n            <\/div>\n        <\/div>\n        <div class=\"col-md-4\">\n            <div class=\"form-grp\">\n                <span class=\"wpcf7-form-control-wrap\" data-name=\"text-565\"><input size=\"40\" maxlength=\"400\" class=\"wpcf7-form-control wpcf7-text\" aria-invalid=\"false\" placeholder=\"Position Applied For\" value=\"\" type=\"text\" name=\"text-565\" \/><\/span>\n            <\/div>\n        <\/div>\n        <div class=\"col-md-4\">\n            <div class=\"form-grp\">\n               <span class=\"wpcf7-form-control-wrap\" data-name=\"text-530\"><input size=\"40\" maxlength=\"400\" class=\"wpcf7-form-control wpcf7-text\" aria-invalid=\"false\" placeholder=\"Foreign Language Proficiency\" value=\"\" type=\"text\" name=\"text-530\" \/><\/span>\n            <\/div>\n        <\/div>\n    <\/div>\n\n <div class=\"form-grp\">\n        <span class=\"wpcf7-form-control-wrap\" data-name=\"text-763\"><input size=\"40\" maxlength=\"400\" class=\"wpcf7-form-control wpcf7-text\" aria-invalid=\"false\" placeholder=\"Previous Places of Employment\" value=\"\" type=\"text\" name=\"text-763\" \/><\/span>\n    <\/div>\n\n <div class=\"form-grp\">\n        <span class=\"wpcf7-form-control-wrap\" data-name=\"text-415\"><input size=\"40\" maxlength=\"400\" class=\"wpcf7-form-control wpcf7-text\" aria-invalid=\"false\" placeholder=\"Computer Skills (Programmes Used)\" value=\"\" type=\"text\" name=\"text-415\" \/><\/span>\n    <\/div>\n\n <div class=\"form-grp\">\n        <span class=\"wpcf7-form-control-wrap\" data-name=\"text-268\"><input size=\"40\" maxlength=\"400\" class=\"wpcf7-form-control wpcf7-text\" aria-invalid=\"false\" placeholder=\"References\" value=\"\" type=\"text\" name=\"text-268\" \/><\/span> \n    <\/div>\n\n\n <div class=\"form-grp\">\n        <span class=\"wpcf7-form-control-wrap\" data-name=\"text-429\"><input size=\"40\" maxlength=\"400\" class=\"wpcf7-form-control wpcf7-text\" aria-invalid=\"false\" placeholder=\"Are you able to travel for work? Domestic\/International\" value=\"\" type=\"text\" name=\"text-429\" \/><\/span>\n    <\/div>\n\n <div class=\"form-grp\">\n        <span class=\"wpcf7-form-control-wrap\" data-name=\"text-263\"><input size=\"40\" maxlength=\"400\" class=\"wpcf7-form-control wpcf7-text\" aria-invalid=\"false\" placeholder=\"Do you take any medication regularly?\" value=\"\" type=\"text\" name=\"text-263\" \/><\/span>\n    <\/div>\n\n\n <div class=\"form-grp\">\n       <span class=\"wpcf7-form-control-wrap\" data-name=\"text-981\"><input size=\"40\" maxlength=\"400\" class=\"wpcf7-form-control wpcf7-text\" aria-invalid=\"false\" placeholder=\"When can you start work?\" value=\"\" type=\"text\" name=\"text-981\" \/><\/span>\n    <\/div>\n\n <div class=\"form-grp\">\n       <span class=\"wpcf7-form-control-wrap\" data-name=\"mesleki-yeterlilik\"><input size=\"40\" maxlength=\"400\" class=\"wpcf7-form-control wpcf7-text wpcf7-validates-as-required\" aria-required=\"true\" aria-invalid=\"false\" placeholder=\"Do you have a Professional Competence Certificate? If so, please indicate.\" value=\"\" type=\"text\" name=\"mesleki-yeterlilik\" \/><\/span>\n    <\/div>\n\n\n   <div class=\"form-grp\">\n        <span class=\"wpcf7-form-control-wrap\" data-name=\"your-message\"><textarea cols=\"40\" rows=\"10\" maxlength=\"2000\" class=\"wpcf7-form-control wpcf7-textarea\" aria-invalid=\"false\" placeholder=\"Your Message*\" name=\"your-message\"><\/textarea><\/span>\n    <\/div>\n\n\n\n\n\n\n    <div class=\"form-grp checkbox-grp\">\n        <input type=\"checkbox\" name=\"checkbox\" id=\"checkbox\">\n        <label for=\"checkbox\">\nI accept the Terms and Conditions.<\/label>\n    <\/div>\n    <button type=\"submit\" class=\"btn\">Send<\/button>\n<\/div><div class=\"wpcf7-response-output\" aria-hidden=\"true\"><\/div>\n<input type=\"hidden\" name=\"trp-form-language\" value=\"en\"\/><\/form>\n<\/div>\n<\/div>\n\t\t\t\t\t\t<\/div>\n\t\t\t\t<\/div>\n\t\t\t\t<\/div>\n\t\t\t\t<\/div>\n\t\t\t\t\t<\/div>\n\t\t\t\t<\/div>\n\t\t\t\t<\/div>","protected":false},"excerpt":{"rendered":"<p>Bizimle Gelece\u011fini \u015eekillendir Ba\u015far\u0131m\u0131z\u0131n arkas\u0131ndaki en b\u00fcy\u00fck g\u00fc\u00e7, yetenekli ve geli\u015fime a\u00e7\u0131k ekibimizdir. \u0130nsan Kaynaklar\u0131 politikam\u0131z; do\u011fru yetene\u011fi do\u011fru pozisyona yerle\u015ftirmek, \u00e7al\u0131\u015fanlar\u0131m\u0131z\u0131n geli\u015fimini desteklemek ve s\u00fcrd\u00fcr\u00fclebilir bir \u00e7al\u0131\u015fma ortam\u0131 olu\u015fturmakt\u0131r.<\/p>","protected":false},"author":1,"featured_media":0,"parent":0,"menu_order":0,"comment_status":"closed","ping_status":"closed","template":"elementor_header_footer","meta":{"_acf_changed":false,"footnotes":""},"class_list":["post-4179","page","type-page","status-publish","hentry"],"acf":[],"_links":{"self":[{"href":"https:\/\/www.qos.com.tr\/en\/wp-json\/wp\/v2\/pages\/4179","targetHints":{"allow":["GET"]}}],"collection":[{"href":"https:\/\/www.qos.com.tr\/en\/wp-json\/wp\/v2\/pages"}],"about":[{"href":"https:\/\/www.qos.com.tr\/en\/wp-json\/wp\/v2\/types\/page"}],"author":[{"embeddable":true,"href":"https:\/\/www.qos.com.tr\/en\/wp-json\/wp\/v2\/users\/1"}],"replies":[{"embeddable":true,"href":"https:\/\/www.qos.com.tr\/en\/wp-json\/wp\/v2\/comments?post=4179"}],"version-history":[{"count":0,"href":"https:\/\/www.qos.com.tr\/en\/wp-json\/wp\/v2\/pages\/4179\/revisions"}],"wp:attachment":[{"href":"https:\/\/www.qos.com.tr\/en\/wp-json\/wp\/v2\/media?parent=4179"}],"curies":[{"name":"wp","href":"https:\/\/api.w.org\/{rel}","templated":true}]}}