{"id":1945,"date":"2023-11-25T07:48:26","date_gmt":"2023-11-25T07:48:26","guid":{"rendered":"https:\/\/apexa.alithemes.com\/?page_id=1945"},"modified":"2026-03-10T09:32:53","modified_gmt":"2026-03-10T09:32:53","slug":"iletisim","status":"publish","type":"page","link":"https:\/\/www.qos.com.tr\/en\/iletisim\/","title":{"rendered":"Contact"},"content":{"rendered":"<div data-elementor-type=\"wp-page\" data-elementor-id=\"1945\" class=\"elementor elementor-1945\">\n\t\t\t\t<div class=\"elementor-element elementor-element-b6df3ee e-flex e-con-boxed e-con e-parent\" data-id=\"b6df3ee\" data-element_type=\"container\" data-e-type=\"container\">\n\t\t\t\t\t<div class=\"e-con-inner\">\n\t\t<div class=\"elementor-element elementor-element-a11fa63 e-con-full e-flex e-con e-child\" data-id=\"a11fa63\" data-element_type=\"container\" data-e-type=\"container\">\n\t\t\t\t<div class=\"elementor-element elementor-element-5c900dc elementor-widget elementor-widget-google_maps\" data-id=\"5c900dc\" data-element_type=\"widget\" data-e-type=\"widget\" data-widget_type=\"google_maps.default\">\n\t\t\t\t<div class=\"elementor-widget-container\">\n\t\t\t\t\t\t\t<div class=\"elementor-custom-embed\">\n\t\t\t<iframe loading=\"lazy\"\n\t\t\t\t\tsrc=\"https:\/\/maps.google.com\/maps?q=QOS%20Yeni%C5%9Fehir%20Mah.%20G%C3%BCneyli%20Sk.%20No%3A21%20%C4%B0zmit%20KOCAEL%C4%B0&#038;t=m&#038;z=15&#038;output=embed&#038;iwloc=near\"\n\t\t\t\t\ttitle=\"QOS Yeni\u015fehir Mah. G\u00fcneyli Sk. No:21 \u0130zmit KOCAEL\u0130\"\n\t\t\t\t\taria-label=\"QOS Yeni\u015fehir Mah. G\u00fcneyli Sk. No:21 \u0130zmit KOCAEL\u0130\"\n\t\t\t><\/iframe>\n\t\t<\/div>\n\t\t\t\t\t\t<\/div>\n\t\t\t\t<\/div>\n\t\t\t\t<\/div>\n\t\t<div class=\"elementor-element elementor-element-84e4cf7 e-con-full e-flex e-con e-child\" data-id=\"84e4cf7\" data-element_type=\"container\" data-e-type=\"container\">\n\t\t<div class=\"elementor-element elementor-element-8179cb2 e-con-full e-flex e-con e-child\" data-id=\"8179cb2\" data-element_type=\"container\" data-e-type=\"container\">\n\t\t\t\t<div class=\"elementor-element elementor-element-69e6452 elementor-widget elementor-widget-heading\" data-id=\"69e6452\" data-element_type=\"widget\" data-e-type=\"widget\" data-widget_type=\"heading.default\">\n\t\t\t\t<div class=\"elementor-widget-container\">\n\t\t\t\t\t<h2 class=\"elementor-heading-title elementor-size-default\">How can we help you?<\/h2>\t\t\t\t<\/div>\n\t\t\t\t<\/div>\n\t\t\t\t<div class=\"elementor-element elementor-element-5e53449 elementor-widget elementor-widget-heading\" data-id=\"5e53449\" data-element_type=\"widget\" data-e-type=\"widget\" data-widget_type=\"heading.default\">\n\t\t\t\t<div class=\"elementor-widget-container\">\n\t\t\t\t\t<p class=\"elementor-heading-title elementor-size-default\">We are here to plan the most suitable solutions for your projects and answer all your questions.<\/p>\t\t\t\t<\/div>\n\t\t\t\t<\/div>\n\t\t\t\t<div class=\"elementor-element elementor-element-b685a3b elementor-widget elementor-widget-contact-info\" data-id=\"b685a3b\" data-element_type=\"widget\" data-e-type=\"widget\" data-widget_type=\"contact-info.default\">\n\t\t\t\t<div class=\"elementor-widget-container\">\n\t\t\t\t\t\r\n        <div class=\"contact__info\">\r\n            <ul class=\"list-wrap\">\r\n                                    <li>\r\n                                                    <div class=\"icon\">\r\n                                <i aria-hidden=\"true\" class=\"flaticon-pin\"><\/i>                            <\/div>\r\n                                                <div class=\"content\">\r\n                            <h4 class=\"title\">Address<\/h4>\r\n                            <p> Yeni\u015fehir Mah. G\u00fcneyli Sk. No:21 \u0130zmit KOCAEL\u0130<\/p>\r\n                        <\/div>\r\n                    <\/li>\r\n                                    <li>\r\n                                                    <div class=\"icon\">\r\n                                <i aria-hidden=\"true\" class=\"genix flaticon-phone-call\"><\/i>                            <\/div>\r\n                                                <div class=\"content\">\r\n                            <h4 class=\"title\">Phone<\/h4>\r\n                            <p>0 (262) 206 0767<\/p>\r\n                        <\/div>\r\n                    <\/li>\r\n                                    <li>\r\n                                                    <div class=\"icon\">\r\n                                <i aria-hidden=\"true\" class=\"genix flaticon-mail\"><\/i>                            <\/div>\r\n                                                <div class=\"content\">\r\n                            <h4 class=\"title\">Email<\/h4>\r\n                            <p>info@qos.com.tr<\/p>\r\n                        <\/div>\r\n                    <\/li>\r\n                                    <li>\r\n                                                    <div class=\"icon\">\r\n                                <i aria-hidden=\"true\" class=\"genix flaticon-mail\"><\/i>                            <\/div>\r\n                                                <div class=\"content\">\r\n                            <h4 class=\"title\">Purchase<\/h4>\r\n                            <p>satinalma@qos.com.tr<\/p>\r\n                        <\/div>\r\n                    <\/li>\r\n                                    <li>\r\n                                                    <div class=\"icon\">\r\n                                <i aria-hidden=\"true\" class=\"genix flaticon-mail\"><\/i>                            <\/div>\r\n                                                <div class=\"content\">\r\n                            <h4 class=\"title\">Sales<\/h4>\r\n                            <p>sales@qos.com.tr<\/p>\r\n                        <\/div>\r\n                    <\/li>\r\n                            <\/ul>\r\n        <\/div>\r\n\r\n\t\t\t\t<\/div>\n\t\t\t\t<\/div>\n\t\t\t\t<\/div>\n\t\t<div class=\"elementor-element elementor-element-4867449 e-con-full e-flex e-con e-child\" data-id=\"4867449\" data-element_type=\"container\" data-e-type=\"container\">\n\t\t\t\t<div class=\"elementor-element elementor-element-816d36f elementor-widget elementor-widget-shortcode\" data-id=\"816d36f\" data-element_type=\"widget\" data-e-type=\"widget\" data-widget_type=\"shortcode.default\">\n\t\t\t\t<div class=\"elementor-widget-container\">\n\t\t\t\t\t\t\t<div class=\"elementor-shortcode\">\n<div class=\"wpcf7 no-js\" id=\"wpcf7-f1953-o1\" lang=\"en-US\" dir=\"ltr\" data-wpcf7-id=\"1953\">\n<div class=\"screen-reader-response\"><p role=\"status\" aria-live=\"polite\" aria-atomic=\"true\"><\/p> <ul><\/ul><\/div>\n<form action=\"\/en\/wp-json\/wp\/v2\/pages\/1945#wpcf7-f1953-o1\" method=\"post\" class=\"wpcf7-form init\" aria-label=\"Contact form\" novalidate=\"novalidate\" data-status=\"init\" data-trp-original-action=\"\/en\/wp-json\/wp\/v2\/pages\/1945#wpcf7-f1953-o1\">\n<fieldset class=\"hidden-fields-container\"><input type=\"hidden\" name=\"_wpcf7\" value=\"1953\" \/><input type=\"hidden\" name=\"_wpcf7_version\" value=\"6.1.5\" \/><input type=\"hidden\" name=\"_wpcf7_locale\" value=\"en_US\" \/><input type=\"hidden\" name=\"_wpcf7_unit_tag\" value=\"wpcf7-f1953-o1\" \/><input type=\"hidden\" name=\"_wpcf7_container_post\" value=\"0\" \/><input type=\"hidden\" name=\"_wpcf7_posted_data_hash\" value=\"\" \/>\n<\/fieldset>\n<div class=\"contact__form-wrap\">\n    <h2 class=\"title\">Get in touch<\/h2>\n    <p>You can get in touch with us by filling out the contact form.<\/p>\n  \n    <div class=\"row\">\n        <div class=\"col-md-4\">\n            <div class=\"form-grp\">\n                <span class=\"wpcf7-form-control-wrap\" data-name=\"your-name\"><input size=\"40\" maxlength=\"400\" class=\"wpcf7-form-control wpcf7-text\" aria-invalid=\"false\" placeholder=\"Name*\" value=\"\" type=\"text\" name=\"your-name\" \/><\/span>\n            <\/div>\n        <\/div>\n        <div class=\"col-md-4\">\n            <div class=\"form-grp\">\n                <span class=\"wpcf7-form-control-wrap\" data-name=\"your-email\"><input size=\"40\" maxlength=\"400\" class=\"wpcf7-form-control wpcf7-email wpcf7-validates-as-required wpcf7-text wpcf7-validates-as-email\" aria-required=\"true\" aria-invalid=\"false\" placeholder=\"Email\" value=\"\" type=\"email\" name=\"your-email\" \/><\/span>\n            <\/div>\n        <\/div>\n        <div class=\"col-md-4\">\n            <div class=\"form-grp\">\n                <span class=\"wpcf7-form-control-wrap\" data-name=\"your-phone\"><input size=\"40\" maxlength=\"400\" class=\"wpcf7-form-control wpcf7-tel wpcf7-text wpcf7-validates-as-tel\" aria-invalid=\"false\" placeholder=\"Phone\" value=\"\" type=\"tel\" name=\"your-phone\" \/><\/span>\n            <\/div>\n        <\/div>\n  <div class=\"form-grp\">\n        <span class=\"wpcf7-form-control-wrap\" data-name=\"your-message\"><textarea cols=\"40\" rows=\"10\" maxlength=\"2000\" class=\"wpcf7-form-control wpcf7-textarea\" aria-invalid=\"false\" placeholder=\"Your Message*\" name=\"your-message\"><\/textarea><\/span>\n    <\/div>\n\n    <\/div>\n    <div class=\"form-grp checkbox-grp\">\n        <input type=\"checkbox\" name=\"checkbox\" id=\"checkbox\">\n        <label for=\"checkbox\">\nI accept the Terms and Conditions.<\/label>\n    <\/div>\n    <button type=\"submit\" class=\"btn\">Send<\/button>\n<\/div><div class=\"wpcf7-response-output\" aria-hidden=\"true\"><\/div>\n<input type=\"hidden\" name=\"trp-form-language\" value=\"en\"\/><\/form>\n<\/div>\n<\/div>\n\t\t\t\t\t\t<\/div>\n\t\t\t\t<\/div>\n\t\t\t\t<\/div>\n\t\t\t\t<\/div>\n\t\t\t\t\t<\/div>\n\t\t\t\t<\/div>\n\t\t<div class=\"elementor-element elementor-element-e08b7de e-flex e-con-boxed e-con e-parent\" data-id=\"e08b7de\" data-element_type=\"container\" data-e-type=\"container\">\n\t\t\t\t\t<div class=\"e-con-inner\">\n\t\t\t\t<div class=\"elementor-element elementor-element-8531dbe elementor-widget elementor-widget-heading\" data-id=\"8531dbe\" data-element_type=\"widget\" data-e-type=\"widget\" data-widget_type=\"heading.default\">\n\t\t\t\t<div class=\"elementor-widget-container\">\n\t\t\t\t\t<h2 class=\"elementor-heading-title elementor-size-default\">Our offices<\/h2>\t\t\t\t<\/div>\n\t\t\t\t<\/div>\n\t\t\t\t\t<\/div>\n\t\t\t\t<\/div>\n\t\t<div class=\"elementor-element elementor-element-14d0f7b e-flex e-con-boxed e-con e-parent\" data-id=\"14d0f7b\" data-element_type=\"container\" data-e-type=\"container\">\n\t\t\t\t\t<div class=\"e-con-inner\">\n\t\t<div class=\"elementor-element elementor-element-34abd66 e-con-full e-flex e-con e-child\" data-id=\"34abd66\" data-element_type=\"container\" data-e-type=\"container\">\n\t\t\t\t<div class=\"elementor-element elementor-element-de57baa elementor-widget elementor-widget-google_maps\" data-id=\"de57baa\" data-element_type=\"widget\" data-e-type=\"widget\" data-widget_type=\"google_maps.default\">\n\t\t\t\t<div class=\"elementor-widget-container\">\n\t\t\t\t\t\t\t<div class=\"elementor-custom-embed\">\n\t\t\t<iframe loading=\"lazy\"\n\t\t\t\t\tsrc=\"https:\/\/maps.google.com\/maps?q=Qos%20M%C3%BChendislik&#038;t=m&#038;z=10&#038;output=embed&#038;iwloc=near\"\n\t\t\t\t\ttitle=\"Qos M\u00fchendislik\"\n\t\t\t\t\taria-label=\"Qos M\u00fchendislik\"\n\t\t\t><\/iframe>\n\t\t<\/div>\n\t\t\t\t\t\t<\/div>\n\t\t\t\t<\/div>\n\t\t\t\t<div class=\"elementor-element elementor-element-f0ce4ed elementor-widget elementor-widget-text-editor\" data-id=\"f0ce4ed\" data-element_type=\"widget\" data-e-type=\"widget\" data-widget_type=\"text-editor.default\">\n\t\t\t\t<div class=\"elementor-widget-container\">\n\t\t\t\t\t\t\t\t\t<h4 class=\"fs-14\"><strong>\u0130zmit<\/strong><\/h4><h6>Yeni\u015fehir Mah. G\u00fcneyli Sk. No:21 \u0130zmit KOCAEL\u0130<\/h6>\t\t\t\t\t\t\t\t<\/div>\n\t\t\t\t<\/div>\n\t\t\t\t<\/div>\n\t\t<div class=\"elementor-element elementor-element-4f3304c e-con-full e-flex e-con e-child\" data-id=\"4f3304c\" data-element_type=\"container\" data-e-type=\"container\">\n\t\t\t\t<div class=\"elementor-element elementor-element-0c1f9c0 elementor-widget elementor-widget-google_maps\" data-id=\"0c1f9c0\" data-element_type=\"widget\" data-e-type=\"widget\" data-widget_type=\"google_maps.default\">\n\t\t\t\t<div class=\"elementor-widget-container\">\n\t\t\t\t\t\t\t<div class=\"elementor-custom-embed\">\n\t\t\t<iframe loading=\"lazy\"\n\t\t\t\t\tsrc=\"https:\/\/maps.google.com\/maps?q=Casablanca%3A%20Florida%20center%20park%202%2C%20Lot%20N7%2C%202%C3%A9me%20Etage%2C%20Bureau%20N%2019%20Sidi%20Maarouf%20-%20Casablanca%20-%20MOROCCO&#038;t=m&#038;z=10&#038;output=embed&#038;iwloc=near\"\n\t\t\t\t\ttitle=\"Casablanca: Florida center park 2, Lot N7, 2\u00e9me Etage, Bureau N 19 Sidi Maarouf - Casablanca - MOROCCO\"\n\t\t\t\t\taria-label=\"Casablanca: Florida center park 2, Lot N7, 2\u00e9me Etage, Bureau N 19 Sidi Maarouf - Casablanca - MOROCCO\"\n\t\t\t><\/iframe>\n\t\t<\/div>\n\t\t\t\t\t\t<\/div>\n\t\t\t\t<\/div>\n\t\t\t\t<div class=\"elementor-element elementor-element-67ff940 elementor-widget elementor-widget-text-editor\" data-id=\"67ff940\" data-element_type=\"widget\" data-e-type=\"widget\" data-widget_type=\"text-editor.default\">\n\t\t\t\t<div class=\"elementor-widget-container\">\n\t\t\t\t\t\t\t\t\t<h4 class=\"fs-14\"><strong>Morocco<\/strong><\/h4><h6>Casablanca: Florida center park 2, Lot N7, 2\u00e9me Etage, Bureau N 19 Sidi Maarouf &#8211; Casablanca &#8211; MOROCCO<\/h6>\t\t\t\t\t\t\t\t<\/div>\n\t\t\t\t<\/div>\n\t\t\t\t<\/div>\n\t\t<div class=\"elementor-element elementor-element-2ca7f4f e-con-full e-flex e-con e-child\" data-id=\"2ca7f4f\" data-element_type=\"container\" data-e-type=\"container\">\n\t\t\t\t<div class=\"elementor-element elementor-element-c87d7bd elementor-widget elementor-widget-google_maps\" data-id=\"c87d7bd\" data-element_type=\"widget\" data-e-type=\"widget\" data-widget_type=\"google_maps.default\">\n\t\t\t\t<div class=\"elementor-widget-container\">\n\t\t\t\t\t\t\t<div class=\"elementor-custom-embed\">\n\t\t\t<iframe loading=\"lazy\"\n\t\t\t\t\tsrc=\"https:\/\/maps.google.com\/maps?q=1223%20Budapest%2C%20Nagyt%C3%A9t%C3%A9nyi%20%C3%BAt%20180-196.&#038;t=m&#038;z=10&#038;output=embed&#038;iwloc=near\"\n\t\t\t\t\ttitle=\"1223 Budapest, Nagyt\u00e9t\u00e9nyi \u00fat 180-196.\"\n\t\t\t\t\taria-label=\"1223 Budapest, Nagyt\u00e9t\u00e9nyi \u00fat 180-196.\"\n\t\t\t><\/iframe>\n\t\t<\/div>\n\t\t\t\t\t\t<\/div>\n\t\t\t\t<\/div>\n\t\t\t\t<div class=\"elementor-element elementor-element-0ce49a7 elementor-widget elementor-widget-text-editor\" data-id=\"0ce49a7\" data-element_type=\"widget\" data-e-type=\"widget\" data-widget_type=\"text-editor.default\">\n\t\t\t\t<div class=\"elementor-widget-container\">\n\t\t\t\t\t\t\t\t\t<h4 class=\"fs-14\"><strong>Hungary<\/strong><\/h4><h6>QOS Quality of Service Engineering Kft.<br \/>1223 Budapest, Nagyt\u00e9t\u00e9nyi \u00fat 180-196.<\/h6>\t\t\t\t\t\t\t\t<\/div>\n\t\t\t\t<\/div>\n\t\t\t\t<\/div>\n\t\t\t\t\t<\/div>\n\t\t\t\t<\/div>\n\t\t\t\t<\/div>","protected":false},"excerpt":{"rendered":"<p>Size Nas\u0131l Yard\u0131mc\u0131 Olabiliriz ? Projeleriniz i\u00e7in en uygun \u00e7\u00f6z\u00fcmleri birlikte planlamak ve t\u00fcm sorular\u0131n\u0131za yan\u0131t bulmak i\u00e7in buraday\u0131z. Adres Yeni\u015fehir Mah. G\u00fcneyli Sk. No:21 \u0130zmit KOCAEL\u0130 Telefon 0 (262) 206 0767 E-Posta info@qos.com.tr Sat\u0131n Alma satinalma@qos.com.tr Sales sales@qos.com.tr Ofislerimiz \u0130zmit Yeni\u015fehir Mah. G\u00fcneyli Sk. No:21 \u0130zmit KOCAEL\u0130 Fas Casablanca: Florida center park 2, Lot [&hellip;]<\/p>\n","protected":false},"author":1,"featured_media":0,"parent":0,"menu_order":0,"comment_status":"closed","ping_status":"closed","template":"elementor_header_footer","meta":{"_acf_changed":false,"footnotes":""},"class_list":["post-1945","page","type-page","status-publish","hentry"],"acf":[],"_links":{"self":[{"href":"https:\/\/www.qos.com.tr\/en\/wp-json\/wp\/v2\/pages\/1945","targetHints":{"allow":["GET"]}}],"collection":[{"href":"https:\/\/www.qos.com.tr\/en\/wp-json\/wp\/v2\/pages"}],"about":[{"href":"https:\/\/www.qos.com.tr\/en\/wp-json\/wp\/v2\/types\/page"}],"author":[{"embeddable":true,"href":"https:\/\/www.qos.com.tr\/en\/wp-json\/wp\/v2\/users\/1"}],"replies":[{"embeddable":true,"href":"https:\/\/www.qos.com.tr\/en\/wp-json\/wp\/v2\/comments?post=1945"}],"version-history":[{"count":0,"href":"https:\/\/www.qos.com.tr\/en\/wp-json\/wp\/v2\/pages\/1945\/revisions"}],"wp:attachment":[{"href":"https:\/\/www.qos.com.tr\/en\/wp-json\/wp\/v2\/media?parent=1945"}],"curies":[{"name":"wp","href":"https:\/\/api.w.org\/{rel}","templated":true}]}}