{"id":1711,"date":"2023-11-24T09:49:15","date_gmt":"2023-11-24T09:49:15","guid":{"rendered":"https:\/\/apexa.alithemes.com\/?page_id=1711"},"modified":"2026-04-07T07:53:11","modified_gmt":"2026-04-07T07:53:11","slug":"sektorler","status":"publish","type":"page","link":"https:\/\/www.qos.com.tr\/en\/sektorler\/","title":{"rendered":"Industries"},"content":{"rendered":"<div data-elementor-type=\"wp-page\" data-elementor-id=\"1711\" class=\"elementor elementor-1711\">\n\t\t\t\t<div class=\"elementor-element elementor-element-981b452 e-flex e-con-boxed e-con e-parent\" data-id=\"981b452\" data-element_type=\"container\" data-e-type=\"container\">\n\t\t\t\t\t<div class=\"e-con-inner\">\n\t\t<div class=\"elementor-element elementor-element-1575b2a e-con-full e-flex e-con e-child\" data-id=\"1575b2a\" data-element_type=\"container\" data-e-type=\"container\">\n\t\t\t\t<div class=\"elementor-element elementor-element-99b1949 elementor-widget elementor-widget-image\" data-id=\"99b1949\" data-element_type=\"widget\" data-e-type=\"widget\" data-widget_type=\"image.default\">\n\t\t\t\t<div class=\"elementor-widget-container\">\n\t\t\t\t\t\t\t\t\t\t\t\t\t\t\t<img fetchpriority=\"high\" decoding=\"async\" width=\"640\" height=\"640\" src=\"https:\/\/www.qos.com.tr\/wp-content\/uploads\/2026\/03\/gida.jpg\" class=\"attachment-large size-large wp-image-5118\" alt=\"\" srcset=\"https:\/\/www.qos.com.tr\/wp-content\/uploads\/2026\/03\/gida.jpg 1000w, https:\/\/www.qos.com.tr\/wp-content\/uploads\/2026\/03\/gida-300x300.jpg 300w, https:\/\/www.qos.com.tr\/wp-content\/uploads\/2026\/03\/gida-150x150.jpg 150w, https:\/\/www.qos.com.tr\/wp-content\/uploads\/2026\/03\/gida-768x768.jpg 768w, https:\/\/www.qos.com.tr\/wp-content\/uploads\/2026\/03\/gida-12x12.webp 12w\" sizes=\"(max-width: 640px) 100vw, 640px\" \/>\t\t\t\t\t\t\t\t\t\t\t\t\t\t\t<\/div>\n\t\t\t\t<\/div>\n\t\t\t\t<\/div>\n\t\t<div class=\"elementor-element elementor-element-8d54a00 e-con-full e-flex e-con e-child\" data-id=\"8d54a00\" data-element_type=\"container\" data-e-type=\"container\" data-settings=\"{&quot;background_background&quot;:&quot;classic&quot;}\">\n\t\t\t\t<div class=\"elementor-element elementor-element-21a8566 elementor-widget elementor-widget-tg-heading\" data-id=\"21a8566\" data-element_type=\"widget\" data-e-type=\"widget\" data-widget_type=\"tg-heading.default\">\n\t\t\t\t<div class=\"elementor-widget-container\">\n\t\t\t\t\t\r\n        <div class=\"section-title tg-heading-subheading animation-style3\">\r\n                        <h2 class=\"title tg-element-title\">Food<\/h2>        <\/div>\r\n\r\n\t\t\t\t<\/div>\n\t\t\t\t<\/div>\n\t\t\t\t<\/div>\n\t\t<div class=\"elementor-element elementor-element-9959bee e-con-full e-flex e-con e-child\" data-id=\"9959bee\" data-element_type=\"container\" data-e-type=\"container\">\n\t\t\t\t<div class=\"elementor-element elementor-element-7b9e3ec elementor-widget elementor-widget-image\" data-id=\"7b9e3ec\" data-element_type=\"widget\" data-e-type=\"widget\" data-widget_type=\"image.default\">\n\t\t\t\t<div class=\"elementor-widget-container\">\n\t\t\t\t\t\t\t\t\t\t\t\t\t\t\t<img decoding=\"async\" width=\"640\" height=\"640\" src=\"https:\/\/www.qos.com.tr\/wp-content\/uploads\/2026\/02\/80339.jpg\" class=\"attachment-large size-large wp-image-4104\" alt=\"\" srcset=\"https:\/\/www.qos.com.tr\/wp-content\/uploads\/2026\/02\/80339.jpg 1000w, https:\/\/www.qos.com.tr\/wp-content\/uploads\/2026\/02\/80339-300x300.jpg 300w, https:\/\/www.qos.com.tr\/wp-content\/uploads\/2026\/02\/80339-150x150.jpg 150w, https:\/\/www.qos.com.tr\/wp-content\/uploads\/2026\/02\/80339-768x768.jpg 768w, https:\/\/www.qos.com.tr\/wp-content\/uploads\/2026\/02\/80339-12x12.jpg 12w\" sizes=\"(max-width: 640px) 100vw, 640px\" \/>\t\t\t\t\t\t\t\t\t\t\t\t\t\t\t<\/div>\n\t\t\t\t<\/div>\n\t\t\t\t<\/div>\n\t\t<div class=\"elementor-element elementor-element-1aab3bd e-con-full e-flex e-con e-child\" data-id=\"1aab3bd\" data-element_type=\"container\" data-e-type=\"container\" data-settings=\"{&quot;background_background&quot;:&quot;classic&quot;}\">\n\t\t\t\t<div class=\"elementor-element elementor-element-244262c elementor-widget elementor-widget-tg-heading\" data-id=\"244262c\" data-element_type=\"widget\" data-e-type=\"widget\" data-widget_type=\"tg-heading.default\">\n\t\t\t\t<div class=\"elementor-widget-container\">\n\t\t\t\t\t\r\n        <div class=\"section-title tg-heading-subheading animation-style3\">\r\n                        <h2 class=\"title tg-element-title\">FMCG\n<\/h2>        <\/div>\r\n\r\n\t\t\t\t<\/div>\n\t\t\t\t<\/div>\n\t\t\t\t<\/div>\n\t\t<div class=\"elementor-element elementor-element-d8296b4 e-con-full e-flex e-con e-child\" data-id=\"d8296b4\" data-element_type=\"container\" data-e-type=\"container\">\n\t\t\t\t<div class=\"elementor-element elementor-element-6ac601d elementor-widget elementor-widget-image\" data-id=\"6ac601d\" data-element_type=\"widget\" data-e-type=\"widget\" data-widget_type=\"image.default\">\n\t\t\t\t<div class=\"elementor-widget-container\">\n\t\t\t\t\t\t\t\t\t\t\t\t\t\t\t<img decoding=\"async\" width=\"640\" height=\"640\" src=\"https:\/\/www.qos.com.tr\/wp-content\/uploads\/2026\/02\/6435.jpg\" class=\"attachment-large size-large wp-image-4105\" alt=\"\" srcset=\"https:\/\/www.qos.com.tr\/wp-content\/uploads\/2026\/02\/6435.jpg 1000w, https:\/\/www.qos.com.tr\/wp-content\/uploads\/2026\/02\/6435-300x300.jpg 300w, https:\/\/www.qos.com.tr\/wp-content\/uploads\/2026\/02\/6435-150x150.jpg 150w, https:\/\/www.qos.com.tr\/wp-content\/uploads\/2026\/02\/6435-768x768.jpg 768w, https:\/\/www.qos.com.tr\/wp-content\/uploads\/2026\/02\/6435-12x12.jpg 12w\" sizes=\"(max-width: 640px) 100vw, 640px\" \/>\t\t\t\t\t\t\t\t\t\t\t\t\t\t\t<\/div>\n\t\t\t\t<\/div>\n\t\t\t\t<\/div>\n\t\t<div class=\"elementor-element elementor-element-aa3943d e-con-full e-flex e-con e-child\" data-id=\"aa3943d\" data-element_type=\"container\" data-e-type=\"container\" data-settings=\"{&quot;background_background&quot;:&quot;classic&quot;}\">\n\t\t\t\t<div class=\"elementor-element elementor-element-adc9f93 elementor-widget elementor-widget-tg-heading\" data-id=\"adc9f93\" data-element_type=\"widget\" data-e-type=\"widget\" data-widget_type=\"tg-heading.default\">\n\t\t\t\t<div class=\"elementor-widget-container\">\n\t\t\t\t\t\r\n        <div class=\"section-title tg-heading-subheading animation-style3\">\r\n                        <h2 class=\"title tg-element-title\">White Goods<\/h2>        <\/div>\r\n\r\n\t\t\t\t<\/div>\n\t\t\t\t<\/div>\n\t\t\t\t<\/div>\n\t\t\t\t\t<\/div>\n\t\t\t\t<\/div>\n\t\t<div class=\"elementor-element elementor-element-910768f e-flex e-con-boxed e-con e-parent\" data-id=\"910768f\" data-element_type=\"container\" data-e-type=\"container\">\n\t\t\t\t\t<div class=\"e-con-inner\">\n\t\t<div class=\"elementor-element elementor-element-6b4f6ac e-con-full e-flex e-con e-child\" data-id=\"6b4f6ac\" data-element_type=\"container\" data-e-type=\"container\">\n\t\t\t\t<div class=\"elementor-element elementor-element-25bed6c elementor-widget elementor-widget-image\" data-id=\"25bed6c\" data-element_type=\"widget\" data-e-type=\"widget\" data-widget_type=\"image.default\">\n\t\t\t\t<div class=\"elementor-widget-container\">\n\t\t\t\t\t\t\t\t\t\t\t\t\t\t\t<img loading=\"lazy\" decoding=\"async\" width=\"640\" height=\"640\" src=\"https:\/\/www.qos.com.tr\/wp-content\/uploads\/2026\/03\/otomotiv.jpg\" class=\"attachment-large size-large wp-image-5119\" alt=\"\" srcset=\"https:\/\/www.qos.com.tr\/wp-content\/uploads\/2026\/03\/otomotiv.jpg 1000w, https:\/\/www.qos.com.tr\/wp-content\/uploads\/2026\/03\/otomotiv-300x300.jpg 300w, https:\/\/www.qos.com.tr\/wp-content\/uploads\/2026\/03\/otomotiv-150x150.jpg 150w, https:\/\/www.qos.com.tr\/wp-content\/uploads\/2026\/03\/otomotiv-768x768.jpg 768w, https:\/\/www.qos.com.tr\/wp-content\/uploads\/2026\/03\/otomotiv-12x12.webp 12w\" sizes=\"(max-width: 640px) 100vw, 640px\" \/>\t\t\t\t\t\t\t\t\t\t\t\t\t\t\t<\/div>\n\t\t\t\t<\/div>\n\t\t\t\t<\/div>\n\t\t<div class=\"elementor-element elementor-element-32cf65b e-con-full e-flex e-con e-child\" data-id=\"32cf65b\" data-element_type=\"container\" data-e-type=\"container\" data-settings=\"{&quot;background_background&quot;:&quot;classic&quot;}\">\n\t\t\t\t<div class=\"elementor-element elementor-element-f94cc28 elementor-widget elementor-widget-tg-heading\" data-id=\"f94cc28\" data-element_type=\"widget\" data-e-type=\"widget\" data-widget_type=\"tg-heading.default\">\n\t\t\t\t<div class=\"elementor-widget-container\">\n\t\t\t\t\t\r\n        <div class=\"section-title tg-heading-subheading animation-style3\">\r\n                        <h2 class=\"title tg-element-title\">Automotive<\/h2>        <\/div>\r\n\r\n\t\t\t\t<\/div>\n\t\t\t\t<\/div>\n\t\t\t\t<\/div>\n\t\t<div class=\"elementor-element elementor-element-ab0a821 e-con-full e-flex e-con e-child\" data-id=\"ab0a821\" data-element_type=\"container\" data-e-type=\"container\">\n\t\t\t\t<div class=\"elementor-element elementor-element-0f5804a elementor-widget elementor-widget-image\" data-id=\"0f5804a\" data-element_type=\"widget\" data-e-type=\"widget\" data-widget_type=\"image.default\">\n\t\t\t\t<div class=\"elementor-widget-container\">\n\t\t\t\t\t\t\t\t\t\t\t\t\t\t\t<img loading=\"lazy\" decoding=\"async\" width=\"640\" height=\"640\" src=\"https:\/\/www.qos.com.tr\/wp-content\/uploads\/2026\/03\/paketleme.jpg\" class=\"attachment-large size-large wp-image-5114\" alt=\"\" srcset=\"https:\/\/www.qos.com.tr\/wp-content\/uploads\/2026\/03\/paketleme.jpg 1000w, https:\/\/www.qos.com.tr\/wp-content\/uploads\/2026\/03\/paketleme-300x300.jpg 300w, https:\/\/www.qos.com.tr\/wp-content\/uploads\/2026\/03\/paketleme-150x150.jpg 150w, https:\/\/www.qos.com.tr\/wp-content\/uploads\/2026\/03\/paketleme-768x768.jpg 768w, https:\/\/www.qos.com.tr\/wp-content\/uploads\/2026\/03\/paketleme-12x12.webp 12w\" sizes=\"(max-width: 640px) 100vw, 640px\" \/>\t\t\t\t\t\t\t\t\t\t\t\t\t\t\t<\/div>\n\t\t\t\t<\/div>\n\t\t\t\t<\/div>\n\t\t<div class=\"elementor-element elementor-element-bb0334c e-con-full e-flex e-con e-child\" data-id=\"bb0334c\" data-element_type=\"container\" data-e-type=\"container\" data-settings=\"{&quot;background_background&quot;:&quot;classic&quot;}\">\n\t\t\t\t<div class=\"elementor-element elementor-element-c73ca07 elementor-widget elementor-widget-tg-heading\" data-id=\"c73ca07\" data-element_type=\"widget\" data-e-type=\"widget\" data-widget_type=\"tg-heading.default\">\n\t\t\t\t<div class=\"elementor-widget-container\">\n\t\t\t\t\t\r\n        <div class=\"section-title tg-heading-subheading animation-style3\">\r\n                        <h2 class=\"title tg-element-title\">Packaging-Canning<\/h2>        <\/div>\r\n\r\n\t\t\t\t<\/div>\n\t\t\t\t<\/div>\n\t\t\t\t<\/div>\n\t\t<div class=\"elementor-element elementor-element-fcb5d86 e-con-full e-flex e-con e-child\" data-id=\"fcb5d86\" data-element_type=\"container\" data-e-type=\"container\">\n\t\t\t\t<div class=\"elementor-element elementor-element-ce5d9e8 elementor-widget elementor-widget-image\" data-id=\"ce5d9e8\" data-element_type=\"widget\" data-e-type=\"widget\" data-widget_type=\"image.default\">\n\t\t\t\t<div class=\"elementor-widget-container\">\n\t\t\t\t\t\t\t\t\t\t\t\t\t\t\t<img loading=\"lazy\" decoding=\"async\" width=\"640\" height=\"640\" src=\"https:\/\/www.qos.com.tr\/wp-content\/uploads\/2026\/03\/enerji.jpg\" class=\"attachment-large size-large wp-image-5110\" alt=\"\" srcset=\"https:\/\/www.qos.com.tr\/wp-content\/uploads\/2026\/03\/enerji.jpg 1000w, https:\/\/www.qos.com.tr\/wp-content\/uploads\/2026\/03\/enerji-300x300.jpg 300w, https:\/\/www.qos.com.tr\/wp-content\/uploads\/2026\/03\/enerji-150x150.jpg 150w, https:\/\/www.qos.com.tr\/wp-content\/uploads\/2026\/03\/enerji-768x768.jpg 768w, https:\/\/www.qos.com.tr\/wp-content\/uploads\/2026\/03\/enerji-12x12.webp 12w\" sizes=\"(max-width: 640px) 100vw, 640px\" \/>\t\t\t\t\t\t\t\t\t\t\t\t\t\t\t<\/div>\n\t\t\t\t<\/div>\n\t\t\t\t<\/div>\n\t\t<div class=\"elementor-element elementor-element-72c80e8 e-con-full e-flex e-con e-child\" data-id=\"72c80e8\" data-element_type=\"container\" data-e-type=\"container\" data-settings=\"{&quot;background_background&quot;:&quot;classic&quot;}\">\n\t\t\t\t<div class=\"elementor-element elementor-element-6febeda elementor-widget elementor-widget-tg-heading\" data-id=\"6febeda\" data-element_type=\"widget\" data-e-type=\"widget\" data-widget_type=\"tg-heading.default\">\n\t\t\t\t<div class=\"elementor-widget-container\">\n\t\t\t\t\t\r\n        <div class=\"section-title tg-heading-subheading animation-style3\">\r\n                        <h2 class=\"title tg-element-title\">Energy<\/h2>        <\/div>\r\n\r\n\t\t\t\t<\/div>\n\t\t\t\t<\/div>\n\t\t\t\t<\/div>\n\t\t\t\t\t<\/div>\n\t\t\t\t<\/div>\n\t\t<div class=\"elementor-element elementor-element-9f3d358 e-flex e-con-boxed e-con e-parent\" data-id=\"9f3d358\" data-element_type=\"container\" data-e-type=\"container\" data-settings=\"{&quot;background_background&quot;:&quot;classic&quot;}\">\n\t\t\t\t\t<div class=\"e-con-inner\">\n\t\t<div class=\"elementor-element elementor-element-03177a6 e-con-full e-flex e-con e-child\" data-id=\"03177a6\" data-element_type=\"container\" data-e-type=\"container\">\n\t\t\t\t<div class=\"elementor-element elementor-element-39d0c72 elementor-widget elementor-widget-tg-heading\" data-id=\"39d0c72\" data-element_type=\"widget\" data-e-type=\"widget\" data-widget_type=\"tg-heading.default\">\n\t\t\t\t<div class=\"elementor-widget-container\">\n\t\t\t\t\t\r\n        <div class=\"section-title tg-heading-subheading animation-style3\">\r\n                            <span class=\"sub-title\">Qual\u0131ty Of Serv\u0131ces<\/span>\r\n                        <h2 class=\"title tg-element-title\">Choose Quality, Move Forward with QOS<\/h2>        <\/div>\r\n\r\n\t\t\t\t<\/div>\n\t\t\t\t<\/div>\n\t\t\t\t<div class=\"elementor-element elementor-element-62afb50 elementor-widget elementor-widget-tg-btn\" data-id=\"62afb50\" data-element_type=\"widget\" data-e-type=\"widget\" data-widget_type=\"tg-btn.default\">\n\t\t\t\t<div class=\"elementor-widget-container\">\n\t\t\t\t\t\r\n\r\n        \r\n                            <a href=\"https:\/\/www.qos.com.tr\/en\/iletisim\/\" target=\"_self\" rel=\"nofollow\" class=\"btn\">\r\n                    Contact                <\/a>\r\n            \r\n        \r\n\t\t\t\t<\/div>\n\t\t\t\t<\/div>\n\t\t\t\t<\/div>\n\t\t<div class=\"elementor-element elementor-element-70b454d e-con-full e-flex e-con e-child\" data-id=\"70b454d\" data-element_type=\"container\" data-e-type=\"container\">\n\t\t\t\t<\/div>\n\t\t<div class=\"elementor-element elementor-element-8e0ec62 e-con-full e-flex e-con e-child\" data-id=\"8e0ec62\" data-element_type=\"container\" data-e-type=\"container\">\n\t\t\t\t<div class=\"elementor-element elementor-element-f189ac6 elementor-widget elementor-widget-image\" data-id=\"f189ac6\" data-element_type=\"widget\" data-e-type=\"widget\" data-widget_type=\"image.default\">\n\t\t\t\t<div class=\"elementor-widget-container\">\n\t\t\t\t\t\t\t\t\t\t\t\t\t\t\t<img loading=\"lazy\" decoding=\"async\" width=\"416\" height=\"406\" src=\"https:\/\/www.qos.com.tr\/wp-content\/uploads\/2025\/05\/qos-ofis.jpg\" class=\"attachment-large size-large wp-image-3244\" alt=\"\" srcset=\"https:\/\/www.qos.com.tr\/wp-content\/uploads\/2025\/05\/qos-ofis.jpg 416w, https:\/\/www.qos.com.tr\/wp-content\/uploads\/2025\/05\/qos-ofis-300x293.jpg 300w, https:\/\/www.qos.com.tr\/wp-content\/uploads\/2025\/05\/qos-ofis-12x12.jpg 12w\" sizes=\"(max-width: 416px) 100vw, 416px\" \/>\t\t\t\t\t\t\t\t\t\t\t\t\t\t\t<\/div>\n\t\t\t\t<\/div>\n\t\t\t\t<\/div>\n\t\t\t\t\t<\/div>\n\t\t\t\t<\/div>\n\t\t\t\t<\/div>","protected":false},"excerpt":{"rendered":"<p>G\u0131da FMCG Beyaz E\u015fya Otomotiv Paketleme-Canning Enerji Qual\u0131ty Of Serv\u0131ces Kaliteyi Se\u00e7in, QOS ile \u0130lerleyin \u0130leti\u015fim<\/p>","protected":false},"author":1,"featured_media":0,"parent":0,"menu_order":0,"comment_status":"closed","ping_status":"closed","template":"elementor_header_footer","meta":{"_acf_changed":false,"footnotes":""},"class_list":["post-1711","page","type-page","status-publish","hentry"],"acf":[],"_links":{"self":[{"href":"https:\/\/www.qos.com.tr\/en\/wp-json\/wp\/v2\/pages\/1711","targetHints":{"allow":["GET"]}}],"collection":[{"href":"https:\/\/www.qos.com.tr\/en\/wp-json\/wp\/v2\/pages"}],"about":[{"href":"https:\/\/www.qos.com.tr\/en\/wp-json\/wp\/v2\/types\/page"}],"author":[{"embeddable":true,"href":"https:\/\/www.qos.com.tr\/en\/wp-json\/wp\/v2\/users\/1"}],"replies":[{"embeddable":true,"href":"https:\/\/www.qos.com.tr\/en\/wp-json\/wp\/v2\/comments?post=1711"}],"version-history":[{"count":0,"href":"https:\/\/www.qos.com.tr\/en\/wp-json\/wp\/v2\/pages\/1711\/revisions"}],"wp:attachment":[{"href":"https:\/\/www.qos.com.tr\/en\/wp-json\/wp\/v2\/media?parent=1711"}],"curies":[{"name":"wp","href":"https:\/\/api.w.org\/{rel}","templated":true}]}}